{"id":3023,"date":"2026-05-04T18:12:19","date_gmt":"2026-05-04T16:12:19","guid":{"rendered":"https:\/\/criand.it\/?page_id=3023"},"modified":"2026-05-04T18:12:23","modified_gmt":"2026-05-04T16:12:23","slug":"stati-uniti","status":"publish","type":"page","link":"https:\/\/criand.it\/index.php\/stati-uniti\/","title":{"rendered":"Stati Uniti"},"content":{"rendered":"\n<h2 class=\"wp-block-heading\">Stati Uniti \u2013 Tra citt\u00e0 leggendarie e paesaggi iconici<\/h2>\n\n\n\n<div style=\"height:20px\" aria-hidden=\"true\" class=\"wp-block-spacer\"><\/div>\n\n\n<div class=\"wp-block-image\">\n<figure class=\"aligncenter size-full\"><img fetchpriority=\"high\" decoding=\"async\" width=\"1000\" height=\"666\" src=\"https:\/\/criand.it\/wp-content\/uploads\/2026\/05\/Stati_uniti_san_francisco_golden_gate.jpg\" alt=\"\" class=\"wp-image-3025\" srcset=\"https:\/\/criand.it\/wp-content\/uploads\/2026\/05\/Stati_uniti_san_francisco_golden_gate.jpg 1000w, https:\/\/criand.it\/wp-content\/uploads\/2026\/05\/Stati_uniti_san_francisco_golden_gate-300x200.jpg 300w, https:\/\/criand.it\/wp-content\/uploads\/2026\/05\/Stati_uniti_san_francisco_golden_gate-768x511.jpg 768w, https:\/\/criand.it\/wp-content\/uploads\/2026\/05\/Stati_uniti_san_francisco_golden_gate-90x60.jpg 90w, https:\/\/criand.it\/wp-content\/uploads\/2026\/05\/Stati_uniti_san_francisco_golden_gate-600x400.jpg 600w\" sizes=\"(max-width: 1000px) 100vw, 1000px\" \/><\/figure>\n<\/div>\n\n\n<div style=\"height:20px\" aria-hidden=\"true\" class=\"wp-block-spacer\"><\/div>\n\n\n\n<hr class=\"wp-block-separator has-alpha-channel-opacity\"\/>\n\n\n<style>.wp-block-kadence-advancedheading.kt-adv-heading2961_35cf23-69_0, .wp-block-kadence-advancedheading.kt-adv-heading2961_35cf23-69_0[data-kb-block=\"kb-adv-heading2961_35cf23-69_0\"]{font-size:17px;font-style:normal;}.wp-block-kadence-advancedheading.kt-adv-heading2961_35cf23-69_0 mark.kt-highlight, .wp-block-kadence-advancedheading.kt-adv-heading2961_35cf23-69_0[data-kb-block=\"kb-adv-heading2961_35cf23-69_0\"] mark.kt-highlight{font-style:normal;color:#f76a0c;-webkit-box-decoration-break:clone;box-decoration-break:clone;padding-top:0px;padding-right:0px;padding-bottom:0px;padding-left:0px;}.wp-block-kadence-advancedheading.kt-adv-heading2961_35cf23-69_0 img.kb-inline-image, .wp-block-kadence-advancedheading.kt-adv-heading2961_35cf23-69_0[data-kb-block=\"kb-adv-heading2961_35cf23-69_0\"] img.kb-inline-image{width:150px;vertical-align:baseline;}<\/style>\n<p class=\"kt-adv-heading2961_35cf23-69_0 wp-block-kadence-advancedheading\" data-kb-block=\"kb-adv-heading2961_35cf23-69_0\">Gli Stati Uniti sono un viaggio attraverso mondi diversi: metropoli pulsanti, parchi naturali immensi, strade leggendarie e culture che si intrecciano. Dalla costa Est alla costa Ovest, ogni itinerario \u00e8 un mosaico di esperienze, tra libert\u00e0, scoperta e meraviglia.<\/p>\n\n\n<style>.wp-block-kadence-advancedheading.kt-adv-heading2961_35cf23-69_1, .wp-block-kadence-advancedheading.kt-adv-heading2961_35cf23-69_1[data-kb-block=\"kb-adv-heading2961_35cf23-69_1\"]{font-size:17px;font-style:normal;}.wp-block-kadence-advancedheading.kt-adv-heading2961_35cf23-69_1 mark.kt-highlight, .wp-block-kadence-advancedheading.kt-adv-heading2961_35cf23-69_1[data-kb-block=\"kb-adv-heading2961_35cf23-69_1\"] mark.kt-highlight{font-style:normal;color:#f76a0c;-webkit-box-decoration-break:clone;box-decoration-break:clone;padding-top:0px;padding-right:0px;padding-bottom:0px;padding-left:0px;}.wp-block-kadence-advancedheading.kt-adv-heading2961_35cf23-69_1 img.kb-inline-image, .wp-block-kadence-advancedheading.kt-adv-heading2961_35cf23-69_1[data-kb-block=\"kb-adv-heading2961_35cf23-69_1\"] img.kb-inline-image{width:150px;vertical-align:baseline;}<\/style>\n<p class=\"kt-adv-heading2961_35cf23-69_1 wp-block-kadence-advancedheading\" data-kb-block=\"kb-adv-heading2961_35cf23-69_1\">Con <strong>Criand<\/strong> vivi gli Stati Uniti con itinerari curati nei dettagli, guide selezionate, esperienze autentiche e assistenza continua. Un viaggio pensato per chi cerca emozione, cultura e natura, senza rinunciare al comfort.<\/p>\n\n\n<style>.wp-block-kadence-advancedheading.kt-adv-heading3023_78868e-66_0, .wp-block-kadence-advancedheading.kt-adv-heading3023_78868e-66_0[data-kb-block=\"kb-adv-heading3023_78868e-66_0\"]{font-size:17px;font-style:normal;}.wp-block-kadence-advancedheading.kt-adv-heading3023_78868e-66_0 mark.kt-highlight, .wp-block-kadence-advancedheading.kt-adv-heading3023_78868e-66_0[data-kb-block=\"kb-adv-heading3023_78868e-66_0\"] mark.kt-highlight{font-style:normal;color:#f76a0c;-webkit-box-decoration-break:clone;box-decoration-break:clone;padding-top:0px;padding-right:0px;padding-bottom:0px;padding-left:0px;}.wp-block-kadence-advancedheading.kt-adv-heading3023_78868e-66_0 img.kb-inline-image, .wp-block-kadence-advancedheading.kt-adv-heading3023_78868e-66_0[data-kb-block=\"kb-adv-heading3023_78868e-66_0\"] img.kb-inline-image{width:150px;vertical-align:baseline;}<\/style>\n<p class=\"kt-adv-heading3023_78868e-66_0 wp-block-kadence-advancedheading\" data-kb-block=\"kb-adv-heading3023_78868e-66_0\">\ud83c\udfd9\ufe0f Citt\u00e0 iconiche: energia e cultura New York, Washington, Boston, Miami, Los Angeles, San Francisco: ogni citt\u00e0 \u00e8 un mondo a s\u00e9. Grattacieli, musei, quartieri storici, spiagge e vita notturna. Gli Stati Uniti urbani sono un concentrato di cultura, arte e innovazione. A New York si respira la libert\u00e0, a Washington la storia, a Miami il ritmo latino, a San Francisco la creativit\u00e0. Ogni tappa \u00e8 un racconto.<\/p>\n\n\n<style>.wp-block-kadence-advancedheading.kt-adv-heading3023_7b9596-97_0, .wp-block-kadence-advancedheading.kt-adv-heading3023_7b9596-97_0[data-kb-block=\"kb-adv-heading3023_7b9596-97_0\"]{font-style:normal;}.wp-block-kadence-advancedheading.kt-adv-heading3023_7b9596-97_0 mark.kt-highlight, .wp-block-kadence-advancedheading.kt-adv-heading3023_7b9596-97_0[data-kb-block=\"kb-adv-heading3023_7b9596-97_0\"] mark.kt-highlight{font-style:normal;color:#f76a0c;-webkit-box-decoration-break:clone;box-decoration-break:clone;padding-top:0px;padding-right:0px;padding-bottom:0px;padding-left:0px;}.wp-block-kadence-advancedheading.kt-adv-heading3023_7b9596-97_0 img.kb-inline-image, .wp-block-kadence-advancedheading.kt-adv-heading3023_7b9596-97_0[data-kb-block=\"kb-adv-heading3023_7b9596-97_0\"] img.kb-inline-image{width:150px;vertical-align:baseline;}<\/style>\n<p class=\"kt-adv-heading3023_7b9596-97_0 wp-block-kadence-advancedheading\" data-kb-block=\"kb-adv-heading3023_7b9596-97_0\">\ud83c\udfde\ufe0f Parchi e natura: meraviglie senza confini Dai canyon dell\u2019Arizona alle foreste della California, dai laghi del Nord ai deserti del Nevada, la natura americana \u00e8 grandiosa e varia. Yellowstone, Grand Canyon, Yosemite, Monument Valley: luoghi che lasciano senza fiato. Criand propone itinerari che uniscono citt\u00e0 e natura, per vivere gli Stati Uniti nella loro essenza pi\u00f9 autentica.<\/p>\n\n\n<style>.wp-block-kadence-advancedheading.kt-adv-heading3023_f40447-9d_0, .wp-block-kadence-advancedheading.kt-adv-heading3023_f40447-9d_0[data-kb-block=\"kb-adv-heading3023_f40447-9d_0\"]{font-style:normal;}.wp-block-kadence-advancedheading.kt-adv-heading3023_f40447-9d_0 mark.kt-highlight, .wp-block-kadence-advancedheading.kt-adv-heading3023_f40447-9d_0[data-kb-block=\"kb-adv-heading3023_f40447-9d_0\"] mark.kt-highlight{font-style:normal;color:#f76a0c;-webkit-box-decoration-break:clone;box-decoration-break:clone;padding-top:0px;padding-right:0px;padding-bottom:0px;padding-left:0px;}.wp-block-kadence-advancedheading.kt-adv-heading3023_f40447-9d_0 img.kb-inline-image, .wp-block-kadence-advancedheading.kt-adv-heading3023_f40447-9d_0[data-kb-block=\"kb-adv-heading3023_f40447-9d_0\"] img.kb-inline-image{width:150px;vertical-align:baseline;}<\/style>\n<p class=\"kt-adv-heading3023_f40447-9d_0 wp-block-kadence-advancedheading\" data-kb-block=\"kb-adv-heading3023_f40447-9d_0\">\ud83d\ude97 On the road: la libert\u00e0 di viaggiare Gli Stati Uniti sono la patria dei viaggi on the road. Route 66, Pacific Coast Highway, Florida Keys: strade che diventano leggenda. Viaggiare in auto \u00e8 il modo migliore per scoprire paesaggi, piccoli centri e panorami mozzafiato. Ogni chilometro \u00e8 un\u2019esperienza, ogni sosta un ricordo.<\/p>\n\n\n\n<hr class=\"wp-block-separator has-alpha-channel-opacity\"\/>\n\n\n<style>.wp-block-kadence-advancedheading.kt-adv-heading2961_35cf23-69_2, .wp-block-kadence-advancedheading.kt-adv-heading2961_35cf23-69_2[data-kb-block=\"kb-adv-heading2961_35cf23-69_2\"]{font-size:17px;font-style:normal;}.wp-block-kadence-advancedheading.kt-adv-heading2961_35cf23-69_2 mark.kt-highlight, .wp-block-kadence-advancedheading.kt-adv-heading2961_35cf23-69_2[data-kb-block=\"kb-adv-heading2961_35cf23-69_2\"] mark.kt-highlight{font-style:normal;color:#f76a0c;-webkit-box-decoration-break:clone;box-decoration-break:clone;padding-top:0px;padding-right:0px;padding-bottom:0px;padding-left:0px;}.wp-block-kadence-advancedheading.kt-adv-heading2961_35cf23-69_2 img.kb-inline-image, .wp-block-kadence-advancedheading.kt-adv-heading2961_35cf23-69_2[data-kb-block=\"kb-adv-heading2961_35cf23-69_2\"] img.kb-inline-image{width:150px;vertical-align:baseline;}<\/style>\n<p class=\"kt-adv-heading2961_35cf23-69_2 wp-block-kadence-advancedheading\" data-kb-block=\"kb-adv-heading2961_35cf23-69_2\"><strong>Perch\u00e9 scegliere gli Stati Uniti<\/strong>?<br><strong>\u2022<\/strong> Tramonti nella Monument Valley<br><strong>\u2022<\/strong> Escursioni nei parchi nazionali<br><strong>\u2022<\/strong> Tour musicali tra Memphis e Nashville<br><strong>\u2022<\/strong> Degustazioni di vini in California<br><strong>\u2022<\/strong> Shopping e cultura nelle grandi metropoli<\/p>\n\n\n\n<hr class=\"wp-block-separator has-alpha-channel-opacity\"\/>\n\n\n<style>.wp-block-kadence-advancedheading.kt-adv-heading2961_35cf23-69_6, .wp-block-kadence-advancedheading.kt-adv-heading2961_35cf23-69_6[data-kb-block=\"kb-adv-heading2961_35cf23-69_6\"]{font-size:20px;font-style:normal;}.wp-block-kadence-advancedheading.kt-adv-heading2961_35cf23-69_6 mark.kt-highlight, .wp-block-kadence-advancedheading.kt-adv-heading2961_35cf23-69_6[data-kb-block=\"kb-adv-heading2961_35cf23-69_6\"] mark.kt-highlight{font-style:normal;color:#f76a0c;-webkit-box-decoration-break:clone;box-decoration-break:clone;padding-top:0px;padding-right:0px;padding-bottom:0px;padding-left:0px;}.wp-block-kadence-advancedheading.kt-adv-heading2961_35cf23-69_6 img.kb-inline-image, .wp-block-kadence-advancedheading.kt-adv-heading2961_35cf23-69_6[data-kb-block=\"kb-adv-heading2961_35cf23-69_6\"] img.kb-inline-image{width:150px;vertical-align:baseline;}<\/style>\n<p class=\"kt-adv-heading2961_35cf23-69_6 wp-block-kadence-advancedheading\" data-kb-block=\"kb-adv-heading2961_35cf23-69_6\"><strong>I nostri tour con guida parlante italiano<\/strong><\/p>\n\n\n<style>.wp-block-kadence-advancedheading.kt-adv-heading3023_870e6b-90, .wp-block-kadence-advancedheading.kt-adv-heading3023_870e6b-90[data-kb-block=\"kb-adv-heading3023_870e6b-90\"]{font-size:17px;font-style:normal;}.wp-block-kadence-advancedheading.kt-adv-heading3023_870e6b-90 mark.kt-highlight, .wp-block-kadence-advancedheading.kt-adv-heading3023_870e6b-90[data-kb-block=\"kb-adv-heading3023_870e6b-90\"] mark.kt-highlight{font-style:normal;color:#f76a0c;-webkit-box-decoration-break:clone;box-decoration-break:clone;padding-top:0px;padding-right:0px;padding-bottom:0px;padding-left:0px;}.wp-block-kadence-advancedheading.kt-adv-heading3023_870e6b-90 img.kb-inline-image, .wp-block-kadence-advancedheading.kt-adv-heading3023_870e6b-90[data-kb-block=\"kb-adv-heading3023_870e6b-90\"] img.kb-inline-image{width:150px;vertical-align:baseline;}<\/style>\n<p class=\"kt-adv-heading3023_870e6b-90 wp-block-kadence-advancedheading\" data-kb-block=\"kb-adv-heading3023_870e6b-90\"><strong>EAST COST<\/strong><br>7 notti tra <strong>New York, Cascate del Niagara, Toronto, Washington D.C., Philadelphia, New York<\/strong><\/p>\n\n\n<style>.wp-block-kadence-advancedheading.kt-adv-heading3023_fb62ae-0c, .wp-block-kadence-advancedheading.kt-adv-heading3023_fb62ae-0c[data-kb-block=\"kb-adv-heading3023_fb62ae-0c\"]{font-size:17px;font-style:normal;}.wp-block-kadence-advancedheading.kt-adv-heading3023_fb62ae-0c mark.kt-highlight, .wp-block-kadence-advancedheading.kt-adv-heading3023_fb62ae-0c[data-kb-block=\"kb-adv-heading3023_fb62ae-0c\"] mark.kt-highlight{font-style:normal;color:#f76a0c;-webkit-box-decoration-break:clone;box-decoration-break:clone;padding-top:0px;padding-right:0px;padding-bottom:0px;padding-left:0px;}.wp-block-kadence-advancedheading.kt-adv-heading3023_fb62ae-0c img.kb-inline-image, .wp-block-kadence-advancedheading.kt-adv-heading3023_fb62ae-0c[data-kb-block=\"kb-adv-heading3023_fb62ae-0c\"] img.kb-inline-image{width:150px;vertical-align:baseline;}<\/style>\n<p class=\"kt-adv-heading3023_fb62ae-0c wp-block-kadence-advancedheading\" data-kb-block=\"kb-adv-heading3023_fb62ae-0c\"><strong>WEST COST<\/strong><br>7 notti tra <strong>Los Angeles, Las Vegas, Grand Canyon, Monument Valley, Page, Antelope Canyon, Bryce Canyon, Las Vegas, Los Angeles<\/strong><\/p>\n\n\n<style>.wp-block-kadence-advancedheading.kt-adv-heading3023_f1c476-14, .wp-block-kadence-advancedheading.kt-adv-heading3023_f1c476-14[data-kb-block=\"kb-adv-heading3023_f1c476-14\"]{font-size:20px;font-style:normal;}.wp-block-kadence-advancedheading.kt-adv-heading3023_f1c476-14 mark.kt-highlight, .wp-block-kadence-advancedheading.kt-adv-heading3023_f1c476-14[data-kb-block=\"kb-adv-heading3023_f1c476-14\"] mark.kt-highlight{font-style:normal;color:#f76a0c;-webkit-box-decoration-break:clone;box-decoration-break:clone;padding-top:0px;padding-right:0px;padding-bottom:0px;padding-left:0px;}.wp-block-kadence-advancedheading.kt-adv-heading3023_f1c476-14 img.kb-inline-image, .wp-block-kadence-advancedheading.kt-adv-heading3023_f1c476-14[data-kb-block=\"kb-adv-heading3023_f1c476-14\"] img.kb-inline-image{width:150px;vertical-align:baseline;}<\/style>\n<p class=\"kt-adv-heading3023_f1c476-14 wp-block-kadence-advancedheading\" data-kb-block=\"kb-adv-heading3023_f1c476-14\"><strong>I nostri Soggiorni Combinati &#8211; City Break<\/strong><\/p>\n\n\n<style>.wp-block-kadence-advancedheading.kt-adv-heading3023_381284-32, .wp-block-kadence-advancedheading.kt-adv-heading3023_381284-32[data-kb-block=\"kb-adv-heading3023_381284-32\"]{font-size:17px;font-style:normal;}.wp-block-kadence-advancedheading.kt-adv-heading3023_381284-32 mark.kt-highlight, .wp-block-kadence-advancedheading.kt-adv-heading3023_381284-32[data-kb-block=\"kb-adv-heading3023_381284-32\"] mark.kt-highlight{font-style:normal;color:#f76a0c;-webkit-box-decoration-break:clone;box-decoration-break:clone;padding-top:0px;padding-right:0px;padding-bottom:0px;padding-left:0px;}.wp-block-kadence-advancedheading.kt-adv-heading3023_381284-32 img.kb-inline-image, .wp-block-kadence-advancedheading.kt-adv-heading3023_381284-32[data-kb-block=\"kb-adv-heading3023_381284-32\"] img.kb-inline-image{width:150px;vertical-align:baseline;}<\/style>\n<p class=\"kt-adv-heading3023_381284-32 wp-block-kadence-advancedheading\" data-kb-block=\"kb-adv-heading3023_381284-32\"><strong>In tutte le Capitali e maggiori destinazioni turistiche<\/strong><br>Combina mini pacchetti di soggiorni, trasferimenti ed escursioni e crea il tuo Tour degli stati uniti<\/p>\n\n\n\n<hr class=\"wp-block-separator has-alpha-channel-opacity\"\/>\n\n\n<style>.wp-block-kadence-advancedheading.kt-adv-heading2961_35cf23-69_15, .wp-block-kadence-advancedheading.kt-adv-heading2961_35cf23-69_15[data-kb-block=\"kb-adv-heading2961_35cf23-69_15\"]{font-size:17px;font-style:normal;}.wp-block-kadence-advancedheading.kt-adv-heading2961_35cf23-69_15 mark.kt-highlight, .wp-block-kadence-advancedheading.kt-adv-heading2961_35cf23-69_15[data-kb-block=\"kb-adv-heading2961_35cf23-69_15\"] mark.kt-highlight{font-style:normal;color:#f76a0c;-webkit-box-decoration-break:clone;box-decoration-break:clone;padding-top:0px;padding-right:0px;padding-bottom:0px;padding-left:0px;}.wp-block-kadence-advancedheading.kt-adv-heading2961_35cf23-69_15 img.kb-inline-image, .wp-block-kadence-advancedheading.kt-adv-heading2961_35cf23-69_15[data-kb-block=\"kb-adv-heading2961_35cf23-69_15\"] img.kb-inline-image{width:150px;vertical-align:baseline;}<\/style>\n<p class=\"kt-adv-heading2961_35cf23-69_15 wp-block-kadence-advancedheading\" data-kb-block=\"kb-adv-heading2961_35cf23-69_15\"><strong>Cosa include un viaggio Criand<\/strong><br><strong>\u2022<\/strong> Guide locali selezionate e parlanti italiano\/inglese<br><strong>\u2022<\/strong> Trasferimenti privati o collettivi con mezzi confortevoli<br><strong>\u2022<\/strong> Escursioni autentiche tra citt\u00e0 e natura<br><strong>\u2022<\/strong> Assistenza Criand 24\/7<br><strong>\u2022<\/strong> Partenze garantite tutto l\u2019anno<br><strong>\u2022<\/strong> Hotel e lodge scelti per posizione e qualit\u00e0<\/p>\n\n\n\n<hr class=\"wp-block-separator has-alpha-channel-opacity\"\/>\n\n\n<style>.wp-block-kadence-advancedheading.kt-adv-heading2961_35cf23-69_23, .wp-block-kadence-advancedheading.kt-adv-heading2961_35cf23-69_23[data-kb-block=\"kb-adv-heading2961_35cf23-69_23\"]{font-size:17px;font-style:normal;}.wp-block-kadence-advancedheading.kt-adv-heading2961_35cf23-69_23 mark.kt-highlight, .wp-block-kadence-advancedheading.kt-adv-heading2961_35cf23-69_23[data-kb-block=\"kb-adv-heading2961_35cf23-69_23\"] mark.kt-highlight{font-style:normal;color:#f76a0c;-webkit-box-decoration-break:clone;box-decoration-break:clone;padding-top:0px;padding-right:0px;padding-bottom:0px;padding-left:0px;}.wp-block-kadence-advancedheading.kt-adv-heading2961_35cf23-69_23 img.kb-inline-image, .wp-block-kadence-advancedheading.kt-adv-heading2961_35cf23-69_23[data-kb-block=\"kb-adv-heading2961_35cf23-69_23\"] img.kb-inline-image{width:150px;vertical-align:baseline;}<\/style>\n<p class=\"kt-adv-heading2961_35cf23-69_23 wp-block-kadence-advancedheading\" data-kb-block=\"kb-adv-heading2961_35cf23-69_23\"><strong>Perch\u00e9 viaggiare con Criand<\/strong><br>Scegliere Criand significa affidarsi a un team che conosce gli Stati Uniti, seleziona partner locali affidabili e costruisce itinerari equilibrati tra emozione, comfort e autenticit\u00e0. Ogni viaggio \u00e8 pensato per farti vivere il Paese in modo completo, sicuro e coinvolgente.<\/p>\n\n\n\n<hr class=\"wp-block-separator has-alpha-channel-opacity\"\/>\n\n\n<style>.wp-block-kadence-advancedheading.kt-adv-heading2961_35cf23-69_24, .wp-block-kadence-advancedheading.kt-adv-heading2961_35cf23-69_24[data-kb-block=\"kb-adv-heading2961_35cf23-69_24\"]{font-size:17px;font-style:normal;}.wp-block-kadence-advancedheading.kt-adv-heading2961_35cf23-69_24 mark.kt-highlight, .wp-block-kadence-advancedheading.kt-adv-heading2961_35cf23-69_24[data-kb-block=\"kb-adv-heading2961_35cf23-69_24\"] mark.kt-highlight{font-style:normal;color:#f76a0c;-webkit-box-decoration-break:clone;box-decoration-break:clone;padding-top:0px;padding-right:0px;padding-bottom:0px;padding-left:0px;}.wp-block-kadence-advancedheading.kt-adv-heading2961_35cf23-69_24 img.kb-inline-image, .wp-block-kadence-advancedheading.kt-adv-heading2961_35cf23-69_24[data-kb-block=\"kb-adv-heading2961_35cf23-69_24\"] img.kb-inline-image{width:150px;vertical-align:baseline;}<\/style>\n<p class=\"kt-adv-heading2961_35cf23-69_24 wp-block-kadence-advancedheading\" data-kb-block=\"kb-adv-heading2961_35cf23-69_24\"><strong>Richiedi il tuo preventivo<\/strong><br>Il nostro team \u00e8 a tua disposizione per creare un viaggio su misura negli Stati Uniti, calibrato sulle tue esigenze e sul tuo stile di viaggio.<\/p>\n\n\n\n<figure class=\"wp-block-image size-full\"><img decoding=\"async\" width=\"1080\" height=\"750\" src=\"https:\/\/criand.it\/wp-content\/uploads\/2026\/05\/Stati_uniti_citta.jpg\" alt=\"\" class=\"wp-image-3024\" srcset=\"https:\/\/criand.it\/wp-content\/uploads\/2026\/05\/Stati_uniti_citta.jpg 1080w, https:\/\/criand.it\/wp-content\/uploads\/2026\/05\/Stati_uniti_citta-300x208.jpg 300w, https:\/\/criand.it\/wp-content\/uploads\/2026\/05\/Stati_uniti_citta-1024x711.jpg 1024w, https:\/\/criand.it\/wp-content\/uploads\/2026\/05\/Stati_uniti_citta-768x533.jpg 768w, https:\/\/criand.it\/wp-content\/uploads\/2026\/05\/Stati_uniti_citta-86x60.jpg 86w, https:\/\/criand.it\/wp-content\/uploads\/2026\/05\/Stati_uniti_citta-600x417.jpg 600w\" sizes=\"(max-width: 1080px) 100vw, 1080px\" \/><\/figure>\n\n\n<style>.wp-block-kadence-advancedheading.kt-adv-heading3023_41f070-63, .wp-block-kadence-advancedheading.kt-adv-heading3023_41f070-63[data-kb-block=\"kb-adv-heading3023_41f070-63\"]{font-style:normal;}.wp-block-kadence-advancedheading.kt-adv-heading3023_41f070-63 mark.kt-highlight, .wp-block-kadence-advancedheading.kt-adv-heading3023_41f070-63[data-kb-block=\"kb-adv-heading3023_41f070-63\"] mark.kt-highlight{font-style:normal;color:#f76a0c;-webkit-box-decoration-break:clone;box-decoration-break:clone;padding-top:0px;padding-right:0px;padding-bottom:0px;padding-left:0px;}.wp-block-kadence-advancedheading.kt-adv-heading3023_41f070-63 img.kb-inline-image, .wp-block-kadence-advancedheading.kt-adv-heading3023_41f070-63[data-kb-block=\"kb-adv-heading3023_41f070-63\"] img.kb-inline-image{width:150px;vertical-align:baseline;}<\/style>\n<p class=\"kt-adv-heading3023_41f070-63 wp-block-kadence-advancedheading\" data-kb-block=\"kb-adv-heading3023_41f070-63\"><\/p>\n\n\n<style>.wp-block-kadence-advancedheading.kt-adv-heading3023_048ed3-43, .wp-block-kadence-advancedheading.kt-adv-heading3023_048ed3-43[data-kb-block=\"kb-adv-heading3023_048ed3-43\"]{font-style:normal;}.wp-block-kadence-advancedheading.kt-adv-heading3023_048ed3-43 mark.kt-highlight, .wp-block-kadence-advancedheading.kt-adv-heading3023_048ed3-43[data-kb-block=\"kb-adv-heading3023_048ed3-43\"] mark.kt-highlight{font-style:normal;color:#f76a0c;-webkit-box-decoration-break:clone;box-decoration-break:clone;padding-top:0px;padding-right:0px;padding-bottom:0px;padding-left:0px;}.wp-block-kadence-advancedheading.kt-adv-heading3023_048ed3-43 img.kb-inline-image, .wp-block-kadence-advancedheading.kt-adv-heading3023_048ed3-43[data-kb-block=\"kb-adv-heading3023_048ed3-43\"] img.kb-inline-image{width:150px;vertical-align:baseline;}<\/style>\n<p class=\"kt-adv-heading3023_048ed3-43 wp-block-kadence-advancedheading\" data-kb-block=\"kb-adv-heading3023_048ed3-43\"><\/p>\n","protected":false},"excerpt":{"rendered":"<p>Stati Uniti \u2013 Tra citt\u00e0 leggendarie e paesaggi iconici Gli Stati Uniti sono un viaggio attraverso mondi diversi: metropoli pulsanti, parchi naturali immensi, strade leggendarie e culture che si intrecciano. Dalla costa Est alla costa Ovest, ogni itinerario \u00e8 un mosaico di esperienze, tra libert\u00e0,&hellip;<\/p>\n","protected":false},"author":1,"featured_media":0,"parent":0,"menu_order":0,"comment_status":"closed","ping_status":"closed","template":"","meta":{"ngg_post_thumbnail":0,"footnotes":""},"class_list":["post-3023","page","type-page","status-publish","hentry"],"jetpack_sharing_enabled":true,"_links":{"self":[{"href":"https:\/\/criand.it\/index.php\/wp-json\/wp\/v2\/pages\/3023","targetHints":{"allow":["GET"]}}],"collection":[{"href":"https:\/\/criand.it\/index.php\/wp-json\/wp\/v2\/pages"}],"about":[{"href":"https:\/\/criand.it\/index.php\/wp-json\/wp\/v2\/types\/page"}],"author":[{"embeddable":true,"href":"https:\/\/criand.it\/index.php\/wp-json\/wp\/v2\/users\/1"}],"replies":[{"embeddable":true,"href":"https:\/\/criand.it\/index.php\/wp-json\/wp\/v2\/comments?post=3023"}],"version-history":[{"count":1,"href":"https:\/\/criand.it\/index.php\/wp-json\/wp\/v2\/pages\/3023\/revisions"}],"predecessor-version":[{"id":3026,"href":"https:\/\/criand.it\/index.php\/wp-json\/wp\/v2\/pages\/3023\/revisions\/3026"}],"wp:attachment":[{"href":"https:\/\/criand.it\/index.php\/wp-json\/wp\/v2\/media?parent=3023"}],"curies":[{"name":"wp","href":"https:\/\/api.w.org\/{rel}","templated":true}]}}