{"id":2684,"date":"2025-12-22T12:48:44","date_gmt":"2025-12-22T11:48:44","guid":{"rendered":"https:\/\/criand.it\/?page_id=2684"},"modified":"2025-12-22T16:41:10","modified_gmt":"2025-12-22T15:41:10","slug":"pacchetti-cipro-nord","status":"publish","type":"page","link":"https:\/\/criand.it\/index.php\/pacchetti-con-volo\/pacchetti-cipro-nord\/","title":{"rendered":"Pacchetti Cipro Nord"},"content":{"rendered":"\n<div style=\"height:30px\" aria-hidden=\"true\" class=\"wp-block-spacer\"><\/div>\n\n\n<style>.wp-block-kadence-advancedheading.kt-adv-heading2684_ac4e29-e7, .wp-block-kadence-advancedheading.kt-adv-heading2684_ac4e29-e7[data-kb-block=\"kb-adv-heading2684_ac4e29-e7\"]{font-size:var(--global-kb-font-size-md, 1.25rem);font-style:normal;color:#830505;}.wp-block-kadence-advancedheading.kt-adv-heading2684_ac4e29-e7 mark.kt-highlight, .wp-block-kadence-advancedheading.kt-adv-heading2684_ac4e29-e7[data-kb-block=\"kb-adv-heading2684_ac4e29-e7\"] mark.kt-highlight{font-style:normal;color:#f76a0c;-webkit-box-decoration-break:clone;box-decoration-break:clone;padding-top:0px;padding-right:0px;padding-bottom:0px;padding-left:0px;}.wp-block-kadence-advancedheading.kt-adv-heading2684_ac4e29-e7 img.kb-inline-image, .wp-block-kadence-advancedheading.kt-adv-heading2684_ac4e29-e7[data-kb-block=\"kb-adv-heading2684_ac4e29-e7\"] img.kb-inline-image{width:150px;vertical-align:baseline;}<\/style>\n<p class=\"kt-adv-heading2684_ac4e29-e7 wp-block-kadence-advancedheading\" data-kb-block=\"kb-adv-heading2684_ac4e29-e7\"><strong>FAMAGUSTA &#8211; Salamis Bay by Conti 5*<\/strong><\/p>\n\n\n<style>.wp-block-kadence-advancedheading.kt-adv-heading2684_df38e2-17, .wp-block-kadence-advancedheading.kt-adv-heading2684_df38e2-17[data-kb-block=\"kb-adv-heading2684_df38e2-17\"]{font-size:var(--global-kb-font-size-sm, 0.9rem);font-style:normal;color:#830505;}.wp-block-kadence-advancedheading.kt-adv-heading2684_df38e2-17 mark.kt-highlight, .wp-block-kadence-advancedheading.kt-adv-heading2684_df38e2-17[data-kb-block=\"kb-adv-heading2684_df38e2-17\"] mark.kt-highlight{font-style:normal;color:#f76a0c;-webkit-box-decoration-break:clone;box-decoration-break:clone;padding-top:0px;padding-right:0px;padding-bottom:0px;padding-left:0px;}.wp-block-kadence-advancedheading.kt-adv-heading2684_df38e2-17 img.kb-inline-image, .wp-block-kadence-advancedheading.kt-adv-heading2684_df38e2-17[data-kb-block=\"kb-adv-heading2684_df38e2-17\"] img.kb-inline-image{width:150px;vertical-align:baseline;}<\/style>\n<p class=\"kt-adv-heading2684_df38e2-17 wp-block-kadence-advancedheading\" data-kb-block=\"kb-adv-heading2684_df38e2-17\"><strong>Formula Ultra All Inclusive<\/strong><\/p>\n\n\n<style>.wp-block-kadence-advancedheading.kt-adv-heading2684_b71326-49, .wp-block-kadence-advancedheading.kt-adv-heading2684_b71326-49[data-kb-block=\"kb-adv-heading2684_b71326-49\"]{font-size:var(--global-kb-font-size-sm, 0.9rem);font-style:normal;text-transform:none;}.wp-block-kadence-advancedheading.kt-adv-heading2684_b71326-49 mark.kt-highlight, .wp-block-kadence-advancedheading.kt-adv-heading2684_b71326-49[data-kb-block=\"kb-adv-heading2684_b71326-49\"] mark.kt-highlight{font-style:normal;color:#f76a0c;-webkit-box-decoration-break:clone;box-decoration-break:clone;padding-top:0px;padding-right:0px;padding-bottom:0px;padding-left:0px;}.wp-block-kadence-advancedheading.kt-adv-heading2684_b71326-49 img.kb-inline-image, .wp-block-kadence-advancedheading.kt-adv-heading2684_b71326-49[data-kb-block=\"kb-adv-heading2684_b71326-49\"] img.kb-inline-image{width:150px;vertical-align:baseline;}<\/style>\n<p class=\"kt-adv-heading2684_b71326-49 wp-block-kadence-advancedheading\" data-kb-block=\"kb-adv-heading2684_b71326-49\">Un <strong>ampio resort 5 stelle fronte mare<\/strong> situato sulla costa orientale di Cipro, nella localit\u00e0 di <strong>Yeni Bo\u011fazi\u00e7i vicino a Famagusta<\/strong>, direttamente su una <strong>spiaggia di sabbia dorata e mare cristallino<\/strong>. <br>La struttura offre <strong>camere e suite confortevoli<\/strong> con balcone e vista mare o sul giardino, oltre a <strong>opzioni villa pi\u00f9 spaziose<\/strong> per famiglie.<br><strong>Posizione fronte mare<\/strong> con spiaggia privata attrezzata e accesso diretto al Mediterraneo. <br><strong>Pi\u00f9 piscine (esterne e interne)<\/strong>, inclusa un\u2019area con scivoli e zone dedicate ai bambini.<br><strong>Ultra all-inclusive<\/strong> con buffet internazionale, diversi bar e ristoranti.<br><strong>Centro benessere e spa<\/strong> con hammam, sauna, trattamenti e piscina interna.<br><strong>Servizi per famiglie<\/strong> (kids club, animazione, aree giochi) e attivit\u00e0 sportive.<br>Resort ideale per chi cerca <strong>vacanze balneari con comfort, intrattenimento e servizi completi<\/strong>, adatto a coppie e famiglie, con facile accesso anche alle attrazioni storiche nei dintorni di Famagusta e Salamina.<\/p>\n\n\n\n<iframe src=\"https:\/\/www.criand.it\/images\/tabelle_prezzi\/pacchetti_itc\/cipro_salamisbay_voli_CY.htm\" width=\"800\" height=\"300\" title=\"Prezzi\"><\/iframe>\n\n<style>\n  .container {\n    text-align: center\n    height: 100vh; \/* Altezza del contenitore *\/\n    display: flex;\n    justify-content: center;\n    align-items: center;\n  }\n  iframe {\n    margin: auto;\n    border: none; \/* Opzionale *\/\n  }\n<\/style>\n\n\n<style>.wp-block-kadence-advancedheading.kt-adv-heading2684_d163ae-21, .wp-block-kadence-advancedheading.kt-adv-heading2684_d163ae-21[data-kb-block=\"kb-adv-heading2684_d163ae-21\"]{font-size:var(--global-kb-font-size-md, 1.25rem);font-style:normal;color:#830505;}.wp-block-kadence-advancedheading.kt-adv-heading2684_d163ae-21 mark.kt-highlight, .wp-block-kadence-advancedheading.kt-adv-heading2684_d163ae-21[data-kb-block=\"kb-adv-heading2684_d163ae-21\"] mark.kt-highlight{font-style:normal;color:#f76a0c;-webkit-box-decoration-break:clone;box-decoration-break:clone;padding-top:0px;padding-right:0px;padding-bottom:0px;padding-left:0px;}.wp-block-kadence-advancedheading.kt-adv-heading2684_d163ae-21 img.kb-inline-image, .wp-block-kadence-advancedheading.kt-adv-heading2684_d163ae-21[data-kb-block=\"kb-adv-heading2684_d163ae-21\"] img.kb-inline-image{width:150px;vertical-align:baseline;}<\/style>\n<p class=\"kt-adv-heading2684_d163ae-21 wp-block-kadence-advancedheading\" data-kb-block=\"kb-adv-heading2684_d163ae-21\"><strong>KYRENIA &#8211; Hotel Pia Bella 4*<\/strong><\/p>\n\n\n<style>.wp-block-kadence-advancedheading.kt-adv-heading2684_2becc5-4d, .wp-block-kadence-advancedheading.kt-adv-heading2684_2becc5-4d[data-kb-block=\"kb-adv-heading2684_2becc5-4d\"]{font-size:var(--global-kb-font-size-sm, 0.9rem);font-style:normal;color:#830505;}.wp-block-kadence-advancedheading.kt-adv-heading2684_2becc5-4d mark.kt-highlight, .wp-block-kadence-advancedheading.kt-adv-heading2684_2becc5-4d[data-kb-block=\"kb-adv-heading2684_2becc5-4d\"] mark.kt-highlight{font-style:normal;color:#f76a0c;-webkit-box-decoration-break:clone;box-decoration-break:clone;padding-top:0px;padding-right:0px;padding-bottom:0px;padding-left:0px;}.wp-block-kadence-advancedheading.kt-adv-heading2684_2becc5-4d img.kb-inline-image, .wp-block-kadence-advancedheading.kt-adv-heading2684_2becc5-4d[data-kb-block=\"kb-adv-heading2684_2becc5-4d\"] img.kb-inline-image{width:150px;vertical-align:baseline;}<\/style>\n<p class=\"kt-adv-heading2684_2becc5-4d wp-block-kadence-advancedheading\" data-kb-block=\"kb-adv-heading2684_2becc5-4d\"><strong>Trattamenti di <strong>Mezza Pensione<\/strong><\/strong><\/p>\n\n\n<style>.wp-block-kadence-advancedheading.kt-adv-heading2684_0c5b50-e8, .wp-block-kadence-advancedheading.kt-adv-heading2684_0c5b50-e8[data-kb-block=\"kb-adv-heading2684_0c5b50-e8\"]{font-size:var(--global-kb-font-size-sm, 0.9rem);font-style:normal;text-transform:none;}.wp-block-kadence-advancedheading.kt-adv-heading2684_0c5b50-e8 mark.kt-highlight, .wp-block-kadence-advancedheading.kt-adv-heading2684_0c5b50-e8[data-kb-block=\"kb-adv-heading2684_0c5b50-e8\"] mark.kt-highlight{font-style:normal;color:#f76a0c;-webkit-box-decoration-break:clone;box-decoration-break:clone;padding-top:0px;padding-right:0px;padding-bottom:0px;padding-left:0px;}.wp-block-kadence-advancedheading.kt-adv-heading2684_0c5b50-e8 img.kb-inline-image, .wp-block-kadence-advancedheading.kt-adv-heading2684_0c5b50-e8[data-kb-block=\"kb-adv-heading2684_0c5b50-e8\"] img.kb-inline-image{width:150px;vertical-align:baseline;}<\/style>\n<p class=\"kt-adv-heading2684_0c5b50-e8 wp-block-kadence-advancedheading\" data-kb-block=\"kb-adv-heading2684_0c5b50-e8\">Hotel 4 stelle situato in posizione centrale a Kyrenia, a pochi minuti a piedi dal pittoresco porto storico e dalle principali attrazioni della citt\u00e0. Offre <strong>camere confortevoli e ben arredate<\/strong>, immerse in <strong>giardini tranquilli con due piscine all\u2019aperto<\/strong>, ideali per relax e momenti di svago. La struttura \u00e8 apprezzata per il <strong>servizio cordiale e l\u2019attenzione del personale<\/strong>, l\u2019atmosfera accogliente e la buona pulizia degli spazi comuni e delle camere. Numerose recensioni segnalano la sua <strong>ottima ubicazione per esplorare a piedi ristoranti, bar, negozi e il lungomare<\/strong>.<br>Gli ospiti possono usufruire di <strong>Wi-Fi gratuito<\/strong>, ristoranti e bar interni e <strong>facilit\u00e0 di accesso a spiagge e escursioni locali<\/strong>, pur trovandosi nel cuore della citt\u00e0. La combinazione di comfort, posizione e servizi lo rende una scelta popolare sia per coppie sia per famiglie in vacanza.<\/p>\n\n\n\n<iframe src=\"https:\/\/www.criand.it\/images\/tabelle_prezzi\/pacchetti_itc\/cipro_piabella_voli_CY.htm\" width=\"800\" height=\"300\" title=\"Prezzi\"><\/iframe>\n\n<style>\n  .container {\n    text-align: center\n    height: 100vh; \/* Altezza del contenitore *\/\n    display: flex;\n    justify-content: center;\n    align-items: center;\n  }\n  iframe {\n    margin: auto;\n    border: none; \/* Opzionale *\/\n  }\n<\/style>\n\n\n<style>.wp-block-kadence-advancedheading.kt-adv-heading2684_9e5f71-93, .wp-block-kadence-advancedheading.kt-adv-heading2684_9e5f71-93[data-kb-block=\"kb-adv-heading2684_9e5f71-93\"]{font-size:var(--global-kb-font-size-md, 1.25rem);font-style:normal;color:#830505;}.wp-block-kadence-advancedheading.kt-adv-heading2684_9e5f71-93 mark.kt-highlight, .wp-block-kadence-advancedheading.kt-adv-heading2684_9e5f71-93[data-kb-block=\"kb-adv-heading2684_9e5f71-93\"] mark.kt-highlight{font-style:normal;color:#f76a0c;-webkit-box-decoration-break:clone;box-decoration-break:clone;padding-top:0px;padding-right:0px;padding-bottom:0px;padding-left:0px;}.wp-block-kadence-advancedheading.kt-adv-heading2684_9e5f71-93 img.kb-inline-image, .wp-block-kadence-advancedheading.kt-adv-heading2684_9e5f71-93[data-kb-block=\"kb-adv-heading2684_9e5f71-93\"] img.kb-inline-image{width:150px;vertical-align:baseline;}<\/style>\n<p class=\"kt-adv-heading2684_9e5f71-93 wp-block-kadence-advancedheading\" data-kb-block=\"kb-adv-heading2684_9e5f71-93\"><strong>ISKELE &#8211; Mimoza Beach Hotel 3*sup.<\/strong><\/p>\n\n\n<style>.wp-block-kadence-advancedheading.kt-adv-heading2684_e657bd-90, .wp-block-kadence-advancedheading.kt-adv-heading2684_e657bd-90[data-kb-block=\"kb-adv-heading2684_e657bd-90\"]{font-size:var(--global-kb-font-size-sm, 0.9rem);font-style:normal;color:#830505;}.wp-block-kadence-advancedheading.kt-adv-heading2684_e657bd-90 mark.kt-highlight, .wp-block-kadence-advancedheading.kt-adv-heading2684_e657bd-90[data-kb-block=\"kb-adv-heading2684_e657bd-90\"] mark.kt-highlight{font-style:normal;color:#f76a0c;-webkit-box-decoration-break:clone;box-decoration-break:clone;padding-top:0px;padding-right:0px;padding-bottom:0px;padding-left:0px;}.wp-block-kadence-advancedheading.kt-adv-heading2684_e657bd-90 img.kb-inline-image, .wp-block-kadence-advancedheading.kt-adv-heading2684_e657bd-90[data-kb-block=\"kb-adv-heading2684_e657bd-90\"] img.kb-inline-image{width:150px;vertical-align:baseline;}<\/style>\n<p class=\"kt-adv-heading2684_e657bd-90 wp-block-kadence-advancedheading\" data-kb-block=\"kb-adv-heading2684_e657bd-90\"><strong><strong>Formula Soft All Inclusive<\/strong><\/strong><\/p>\n\n\n<style>.wp-block-kadence-advancedheading.kt-adv-heading2684_2894b5-19, .wp-block-kadence-advancedheading.kt-adv-heading2684_2894b5-19[data-kb-block=\"kb-adv-heading2684_2894b5-19\"]{font-size:var(--global-kb-font-size-sm, 0.9rem);font-style:normal;text-transform:none;}.wp-block-kadence-advancedheading.kt-adv-heading2684_2894b5-19 mark.kt-highlight, .wp-block-kadence-advancedheading.kt-adv-heading2684_2894b5-19[data-kb-block=\"kb-adv-heading2684_2894b5-19\"] mark.kt-highlight{font-style:normal;color:#f76a0c;-webkit-box-decoration-break:clone;box-decoration-break:clone;padding-top:0px;padding-right:0px;padding-bottom:0px;padding-left:0px;}.wp-block-kadence-advancedheading.kt-adv-heading2684_2894b5-19 img.kb-inline-image, .wp-block-kadence-advancedheading.kt-adv-heading2684_2894b5-19[data-kb-block=\"kb-adv-heading2684_2894b5-19\"] img.kb-inline-image{width:150px;vertical-align:baseline;}<\/style>\n<p class=\"kt-adv-heading2684_2894b5-19 wp-block-kadence-advancedheading\" data-kb-block=\"kb-adv-heading2684_2894b5-19\"><em>Mimoza Beach Hotel<\/em> \u00e8 un <strong>hotel 3 stelle fronte mare<\/strong> situato nella localit\u00e0 di <strong>Yeni Bo\u011fazi\u00e7i, nella zona di \u0130skele vicino a Famagusta<\/strong>, direttamente sulla spiaggia del Mediterraneo.<br>La struttura offre <strong>camere confortevoli e funzionali<\/strong>, molte con <strong>balcone e vista sul mare<\/strong>, ideali per coppie, famiglie o coppie in cerca di relax in riva al mare.<br><strong>Posizione fronte mare<\/strong> con accesso diretto a spiaggia di sabbia e acqua limpida.<br><strong>Ristorante e beach bar<\/strong> con piatti locali e mediterranei, oltre a colazione buffet. <br><strong>Piscina all\u2019aperto<\/strong>, aree relax con lettini e ombrelloni e personale attento all\u2019accoglienza.<br><strong>Connessione Wi-Fi gratuita<\/strong>, reception attiva e assistenza per escursioni o attivit\u00e0 locali.<br>La posizione rende facile combinare <strong>giornate di mare e relax<\/strong> con visite a siti storici come le <strong>rovine romane di Salamina<\/strong> e il centro storico di Famagusta, entrambi facilmente raggiungibili in auto o con escursioni. <br>Mimoza Beach Hotel \u00e8 una scelta <strong>piacevole ed essenziale per vacanze costiere in Cipro Nord<\/strong>, con atmosfera rilassata, ottima posizione e diretto accesso alla spiaggia.<\/p>\n\n\n\n<iframe src=\"https:\/\/www.criand.it\/images\/tabelle_prezzi\/pacchetti_itc\/cipro_mimoza_voli_CY.htm\" width=\"800\" height=\"300\" title=\"Prezzi\"><\/iframe>\n\n<style>\n  .container {\n    text-align: center\n    height: 100vh; \/* Altezza del contenitore *\/\n    display: flex;\n    justify-content: center;\n    align-items: center;\n  }\n  iframe {\n    margin: auto;\n    border: none; \/* Opzionale *\/\n  }\n<\/style>\n\n\n\n<div style=\"height:30px\" aria-hidden=\"true\" class=\"wp-block-spacer\"><\/div>\n\n\n\n<figure class=\"wp-block-image size-full\"><img fetchpriority=\"high\" decoding=\"async\" width=\"1007\" height=\"708\" src=\"https:\/\/criand.it\/wp-content\/uploads\/2025\/12\/cipro_operativo_voli.jpg\" alt=\"\" class=\"wp-image-2696\" srcset=\"https:\/\/criand.it\/wp-content\/uploads\/2025\/12\/cipro_operativo_voli.jpg 1007w, https:\/\/criand.it\/wp-content\/uploads\/2025\/12\/cipro_operativo_voli-300x211.jpg 300w, https:\/\/criand.it\/wp-content\/uploads\/2025\/12\/cipro_operativo_voli-768x540.jpg 768w, https:\/\/criand.it\/wp-content\/uploads\/2025\/12\/cipro_operativo_voli-85x60.jpg 85w, https:\/\/criand.it\/wp-content\/uploads\/2025\/12\/cipro_operativo_voli-600x422.jpg 600w\" sizes=\"(max-width: 1007px) 100vw, 1007px\" \/><\/figure>\n\n\n\n<div style=\"height:30px\" aria-hidden=\"true\" class=\"wp-block-spacer\"><\/div>\n","protected":false},"excerpt":{"rendered":"<p>FAMAGUSTA &#8211; Salamis Bay by Conti 5* Formula Ultra All Inclusive Un ampio resort 5 stelle fronte mare situato sulla costa orientale di Cipro, nella localit\u00e0 di Yeni Bo\u011fazi\u00e7i vicino a Famagusta, direttamente su una spiaggia di sabbia dorata e mare cristallino. La struttura offre&hellip;<\/p>\n","protected":false},"author":1,"featured_media":0,"parent":2604,"menu_order":0,"comment_status":"closed","ping_status":"closed","template":"","meta":{"ngg_post_thumbnail":0,"footnotes":""},"class_list":["post-2684","page","type-page","status-publish","hentry"],"jetpack_sharing_enabled":true,"_links":{"self":[{"href":"https:\/\/criand.it\/index.php\/wp-json\/wp\/v2\/pages\/2684","targetHints":{"allow":["GET"]}}],"collection":[{"href":"https:\/\/criand.it\/index.php\/wp-json\/wp\/v2\/pages"}],"about":[{"href":"https:\/\/criand.it\/index.php\/wp-json\/wp\/v2\/types\/page"}],"author":[{"embeddable":true,"href":"https:\/\/criand.it\/index.php\/wp-json\/wp\/v2\/users\/1"}],"replies":[{"embeddable":true,"href":"https:\/\/criand.it\/index.php\/wp-json\/wp\/v2\/comments?post=2684"}],"version-history":[{"count":8,"href":"https:\/\/criand.it\/index.php\/wp-json\/wp\/v2\/pages\/2684\/revisions"}],"predecessor-version":[{"id":2698,"href":"https:\/\/criand.it\/index.php\/wp-json\/wp\/v2\/pages\/2684\/revisions\/2698"}],"up":[{"embeddable":true,"href":"https:\/\/criand.it\/index.php\/wp-json\/wp\/v2\/pages\/2604"}],"wp:attachment":[{"href":"https:\/\/criand.it\/index.php\/wp-json\/wp\/v2\/media?parent=2684"}],"curies":[{"name":"wp","href":"https:\/\/api.w.org\/{rel}","templated":true}]}}