{"id":1582,"date":"2025-07-07T12:07:54","date_gmt":"2025-07-07T10:07:54","guid":{"rendered":"https:\/\/criand.it\/?page_id=1582"},"modified":"2025-11-25T19:36:46","modified_gmt":"2025-11-25T18:36:46","slug":"paradisus-princesa-del-mar-5","status":"publish","type":"page","link":"https:\/\/criand.it\/index.php\/trova-hotel\/paradisus-princesa-del-mar-5\/","title":{"rendered":"Paradisus Princesa del Mar 5*"},"content":{"rendered":"<style>.wp-block-kadence-advancedbtn.kb-btns1582_248cd8-9e{gap:var(--global-kb-gap-xs, 0.5rem );justify-content:flex-start;align-items:center;}.kt-btns1582_248cd8-9e .kt-button{font-weight:normal;font-style:normal;}.kt-btns1582_248cd8-9e .kt-btn-wrap-0{margin-right:5px;}.wp-block-kadence-advancedbtn.kt-btns1582_248cd8-9e .kt-btn-wrap-0 .kt-button{color:#555555;border-color:#555555;}.wp-block-kadence-advancedbtn.kt-btns1582_248cd8-9e .kt-btn-wrap-0 .kt-button:hover, .wp-block-kadence-advancedbtn.kt-btns1582_248cd8-9e .kt-btn-wrap-0 .kt-button:focus{color:#ffffff;border-color:#444444;}.wp-block-kadence-advancedbtn.kt-btns1582_248cd8-9e .kt-btn-wrap-0 .kt-button::before{display:none;}.wp-block-kadence-advancedbtn.kt-btns1582_248cd8-9e .kt-btn-wrap-0 .kt-button:hover, .wp-block-kadence-advancedbtn.kt-btns1582_248cd8-9e .kt-btn-wrap-0 .kt-button:focus{background:#444444;}<\/style>\n<div class=\"wp-block-kadence-advancedbtn kb-buttons-wrap kb-btns1582_248cd8-9e\"><style>ul.menu .wp-block-kadence-advancedbtn .kb-btn1582_62aa19-e0.kb-button{width:initial;}<\/style><a class=\"kb-button kt-button button kb-btn1582_62aa19-e0 kt-btn-size-small kt-btn-width-type-auto kb-btn-global-fill  kt-btn-has-text-true kt-btn-has-svg-false  wp-block-kadence-singlebtn\" href=\"https:\/\/criand.it\/index.php\/trova-hotel\/\"><span class=\"kt-btn-inner-text\">TORNA alla LISTA HOTEL<\/span><\/a><\/div>\n\n\n\n<div style=\"height:40px\" aria-hidden=\"true\" class=\"wp-block-spacer\"><\/div>\n\n\n\n<p class=\"has--font-size\" style=\"font-size:25px\"><strong>Varadero<\/strong><\/p>\n\n\n<style>.wp-block-kadence-advancedheading.kt-adv-heading1582_a21f8b-de, .wp-block-kadence-advancedheading.kt-adv-heading1582_a21f8b-de[data-kb-block=\"kb-adv-heading1582_a21f8b-de\"]{font-style:normal;}.wp-block-kadence-advancedheading.kt-adv-heading1582_a21f8b-de mark.kt-highlight, .wp-block-kadence-advancedheading.kt-adv-heading1582_a21f8b-de[data-kb-block=\"kb-adv-heading1582_a21f8b-de\"] mark.kt-highlight{font-style:normal;color:#f76a0c;-webkit-box-decoration-break:clone;box-decoration-break:clone;padding-top:0px;padding-right:0px;padding-bottom:0px;padding-left:0px;}.wp-block-kadence-advancedheading.kt-adv-heading1582_a21f8b-de img.kb-inline-image, .wp-block-kadence-advancedheading.kt-adv-heading1582_a21f8b-de[data-kb-block=\"kb-adv-heading1582_a21f8b-de\"] img.kb-inline-image{width:150px;vertical-align:baseline;}<\/style>\n<p class=\"kt-adv-heading1582_a21f8b-de wp-block-kadence-advancedheading\" data-kb-block=\"kb-adv-heading1582_a21f8b-de\">\ud83d\udccd Posizione &amp; struttura<\/p>\n\n\n<style>.wp-block-kadence-advancedheading.kt-adv-heading1582_0c24f9-1c, .wp-block-kadence-advancedheading.kt-adv-heading1582_0c24f9-1c[data-kb-block=\"kb-adv-heading1582_0c24f9-1c\"]{font-style:normal;}.wp-block-kadence-advancedheading.kt-adv-heading1582_0c24f9-1c mark.kt-highlight, .wp-block-kadence-advancedheading.kt-adv-heading1582_0c24f9-1c[data-kb-block=\"kb-adv-heading1582_0c24f9-1c\"] mark.kt-highlight{font-style:normal;color:#f76a0c;-webkit-box-decoration-break:clone;box-decoration-break:clone;padding-top:0px;padding-right:0px;padding-bottom:0px;padding-left:0px;}.wp-block-kadence-advancedheading.kt-adv-heading1582_0c24f9-1c img.kb-inline-image, .wp-block-kadence-advancedheading.kt-adv-heading1582_0c24f9-1c[data-kb-block=\"kb-adv-heading1582_0c24f9-1c\"] img.kb-inline-image{width:150px;vertical-align:baseline;}<\/style>\n<p class=\"kt-adv-heading1582_0c24f9-1c wp-block-kadence-advancedheading\" data-kb-block=\"kb-adv-heading1582_0c24f9-1c\">Resort di lusso solo per adulti (18+)<br>Categoria: 5 stelle<br>Situato direttamente sulla splendida spiaggia di Varadero, uno dei tratti di sabbia pi\u00f9 bianchi e mare cristallino di tutta Cuba.<\/p>\n\n\n<style>.wp-block-kadence-advancedheading.kt-adv-heading1582_a8ff6e-3c, .wp-block-kadence-advancedheading.kt-adv-heading1582_a8ff6e-3c[data-kb-block=\"kb-adv-heading1582_a8ff6e-3c\"]{font-style:normal;}.wp-block-kadence-advancedheading.kt-adv-heading1582_a8ff6e-3c mark.kt-highlight, .wp-block-kadence-advancedheading.kt-adv-heading1582_a8ff6e-3c[data-kb-block=\"kb-adv-heading1582_a8ff6e-3c\"] mark.kt-highlight{font-style:normal;color:#f76a0c;-webkit-box-decoration-break:clone;box-decoration-break:clone;padding-top:0px;padding-right:0px;padding-bottom:0px;padding-left:0px;}.wp-block-kadence-advancedheading.kt-adv-heading1582_a8ff6e-3c img.kb-inline-image, .wp-block-kadence-advancedheading.kt-adv-heading1582_a8ff6e-3c[data-kb-block=\"kb-adv-heading1582_a8ff6e-3c\"] img.kb-inline-image{width:150px;vertical-align:baseline;}<\/style>\n<p class=\"kt-adv-heading1582_a8ff6e-3c wp-block-kadence-advancedheading\" data-kb-block=\"kb-adv-heading1582_a8ff6e-3c\">Il Paradisus Princesa del Mar \u00e8 un esclusivo resort di lusso, pensato per offrire una vacanza di relax e comfort a sole adulti. Situato nella rinomata localit\u00e0 turistica di Varadero, il resort \u00e8 immerso in un&#8217;atmosfera elegante e moderna, con una perfetta combinazione di bellezza naturale e comfort esclusivo.<\/p>\n\n\n<style>.wp-block-kadence-advancedheading.kt-adv-heading1582_b4071e-d8, .wp-block-kadence-advancedheading.kt-adv-heading1582_b4071e-d8[data-kb-block=\"kb-adv-heading1582_b4071e-d8\"]{font-style:normal;}.wp-block-kadence-advancedheading.kt-adv-heading1582_b4071e-d8 mark.kt-highlight, .wp-block-kadence-advancedheading.kt-adv-heading1582_b4071e-d8[data-kb-block=\"kb-adv-heading1582_b4071e-d8\"] mark.kt-highlight{font-style:normal;color:#f76a0c;-webkit-box-decoration-break:clone;box-decoration-break:clone;padding-top:0px;padding-right:0px;padding-bottom:0px;padding-left:0px;}.wp-block-kadence-advancedheading.kt-adv-heading1582_b4071e-d8 img.kb-inline-image, .wp-block-kadence-advancedheading.kt-adv-heading1582_b4071e-d8[data-kb-block=\"kb-adv-heading1582_b4071e-d8\"] img.kb-inline-image{width:150px;vertical-align:baseline;}<\/style>\n<p class=\"kt-adv-heading1582_b4071e-d8 wp-block-kadence-advancedheading\" data-kb-block=\"kb-adv-heading1582_b4071e-d8\">Questo resort all-inclusive offre ai suoi ospiti camere spaziose, eleganti e dotate di tutti i comfort moderni. La struttura \u00e8 famosa per la sua eccezionale qualit\u00e0 dei servizi e per la variet\u00e0 di attivit\u00e0 pensate per il benessere e il divertimento.<\/p>\n\n\n\nngg_shortcode_0_placeholder\n\n\n\n<p style=\"font-size:18px\"><strong>Tabella Prezzi<\/strong><\/p>\n\n\n\n<iframe src=\"https:\/\/www.criand.it\/images\/tabelle_prezzi\/varadero_paradisus_princesa_mar.htm\" width=\"800\" height=\"300\" title=\"Prezzi\"><\/iframe>\n\n<style>\n  .container {\n    text-align: center\n    height: 100vh; \/* Altezza del contenitore *\/\n    display: flex;\n    justify-content: center;\n    align-items: center;\n  }\n  iframe {\n    margin: auto;\n    border: none; \/* Opzionale *\/\n  }\n<\/style>\n\n\n<style>.wp-block-kadence-advancedheading.kt-adv-heading1582_ba74d3-bc, .wp-block-kadence-advancedheading.kt-adv-heading1582_ba74d3-bc[data-kb-block=\"kb-adv-heading1582_ba74d3-bc\"]{font-style:normal;}.wp-block-kadence-advancedheading.kt-adv-heading1582_ba74d3-bc mark.kt-highlight, .wp-block-kadence-advancedheading.kt-adv-heading1582_ba74d3-bc[data-kb-block=\"kb-adv-heading1582_ba74d3-bc\"] mark.kt-highlight{font-style:normal;color:#f76a0c;-webkit-box-decoration-break:clone;box-decoration-break:clone;padding-top:0px;padding-right:0px;padding-bottom:0px;padding-left:0px;}.wp-block-kadence-advancedheading.kt-adv-heading1582_ba74d3-bc img.kb-inline-image, .wp-block-kadence-advancedheading.kt-adv-heading1582_ba74d3-bc[data-kb-block=\"kb-adv-heading1582_ba74d3-bc\"] img.kb-inline-image{width:150px;vertical-align:baseline;}<\/style>\n<p class=\"kt-adv-heading1582_ba74d3-bc wp-block-kadence-advancedheading\" data-kb-block=\"kb-adv-heading1582_ba74d3-bc\">\ud83d\udece\ufe0f Camere e Suite<\/p>\n\n\n<style>.wp-block-kadence-advancedheading.kt-adv-heading1582_6cce3c-a9, .wp-block-kadence-advancedheading.kt-adv-heading1582_6cce3c-a9[data-kb-block=\"kb-adv-heading1582_6cce3c-a9\"]{font-style:normal;}.wp-block-kadence-advancedheading.kt-adv-heading1582_6cce3c-a9 mark.kt-highlight, .wp-block-kadence-advancedheading.kt-adv-heading1582_6cce3c-a9[data-kb-block=\"kb-adv-heading1582_6cce3c-a9\"] mark.kt-highlight{font-style:normal;color:#f76a0c;-webkit-box-decoration-break:clone;box-decoration-break:clone;padding-top:0px;padding-right:0px;padding-bottom:0px;padding-left:0px;}.wp-block-kadence-advancedheading.kt-adv-heading1582_6cce3c-a9 img.kb-inline-image, .wp-block-kadence-advancedheading.kt-adv-heading1582_6cce3c-a9[data-kb-block=\"kb-adv-heading1582_6cce3c-a9\"] img.kb-inline-image{width:150px;vertical-align:baseline;}<\/style>\n<div class=\"kt-adv-heading1582_6cce3c-a9 wp-block-kadence-advancedheading\" data-kb-block=\"kb-adv-heading1582_6cce3c-a9\">Le camere sono caratterizzate da uno stile contemporaneo e sono arredate con eleganza. Ogni camera dispone di aria condizionata, Wi-Fi (a pagamento), minibar, cassaforte, balcone o terrazza con vista giardino o mare. Le suite sono l\u2019ideale per chi cerca un&#8217;esperienza ancora pi\u00f9 esclusiva, con accesso privilegiato a zone dedicate del resort, servizi VIP e un&#8217;ampia gamma di comfort personalizzati.<\/div>\n\n\n<style>.wp-block-kadence-advancedheading.kt-adv-heading1582_bd6f43-e8, .wp-block-kadence-advancedheading.kt-adv-heading1582_bd6f43-e8[data-kb-block=\"kb-adv-heading1582_bd6f43-e8\"]{font-style:normal;}.wp-block-kadence-advancedheading.kt-adv-heading1582_bd6f43-e8 mark.kt-highlight, .wp-block-kadence-advancedheading.kt-adv-heading1582_bd6f43-e8[data-kb-block=\"kb-adv-heading1582_bd6f43-e8\"] mark.kt-highlight{font-style:normal;color:#f76a0c;-webkit-box-decoration-break:clone;box-decoration-break:clone;padding-top:0px;padding-right:0px;padding-bottom:0px;padding-left:0px;}.wp-block-kadence-advancedheading.kt-adv-heading1582_bd6f43-e8 img.kb-inline-image, .wp-block-kadence-advancedheading.kt-adv-heading1582_bd6f43-e8[data-kb-block=\"kb-adv-heading1582_bd6f43-e8\"] img.kb-inline-image{width:150px;vertical-align:baseline;}<\/style>\n<div class=\"kt-adv-heading1582_bd6f43-e8 wp-block-kadence-advancedheading\" data-kb-block=\"kb-adv-heading1582_bd6f43-e8\">Servizi esclusivi:\nRoyal Service: Un&#8217;esperienza all&#8217;insegna del lusso, con una sezione del resort dedicata solo agli ospiti che scelgono questa opzione. Servizi VIP, piscine private, accesso a ristoranti e lounge esclusivi, oltre a un butler dedicato.<\/div>\n\n\n<style>.wp-block-kadence-advancedheading.kt-adv-heading1582_0d0845-3b, .wp-block-kadence-advancedheading.kt-adv-heading1582_0d0845-3b[data-kb-block=\"kb-adv-heading1582_0d0845-3b\"]{font-style:normal;}.wp-block-kadence-advancedheading.kt-adv-heading1582_0d0845-3b mark.kt-highlight, .wp-block-kadence-advancedheading.kt-adv-heading1582_0d0845-3b[data-kb-block=\"kb-adv-heading1582_0d0845-3b\"] mark.kt-highlight{font-style:normal;color:#f76a0c;-webkit-box-decoration-break:clone;box-decoration-break:clone;padding-top:0px;padding-right:0px;padding-bottom:0px;padding-left:0px;}.wp-block-kadence-advancedheading.kt-adv-heading1582_0d0845-3b img.kb-inline-image, .wp-block-kadence-advancedheading.kt-adv-heading1582_0d0845-3b[data-kb-block=\"kb-adv-heading1582_0d0845-3b\"] img.kb-inline-image{width:150px;vertical-align:baseline;}<\/style>\n<div class=\"kt-adv-heading1582_0d0845-3b wp-block-kadence-advancedheading\" data-kb-block=\"kb-adv-heading1582_0d0845-3b\">Spa e Benessere: Il resort offre una spa di classe mondiale, con trattamenti rilassanti, massaggi e servizi estetici per il benessere completo degli ospiti.<\/div>\n\n\n<style>.wp-block-kadence-advancedheading.kt-adv-heading1582_87c9f4-01, .wp-block-kadence-advancedheading.kt-adv-heading1582_87c9f4-01[data-kb-block=\"kb-adv-heading1582_87c9f4-01\"]{font-style:normal;}.wp-block-kadence-advancedheading.kt-adv-heading1582_87c9f4-01 mark.kt-highlight, .wp-block-kadence-advancedheading.kt-adv-heading1582_87c9f4-01[data-kb-block=\"kb-adv-heading1582_87c9f4-01\"] mark.kt-highlight{font-style:normal;color:#f76a0c;-webkit-box-decoration-break:clone;box-decoration-break:clone;padding-top:0px;padding-right:0px;padding-bottom:0px;padding-left:0px;}.wp-block-kadence-advancedheading.kt-adv-heading1582_87c9f4-01 img.kb-inline-image, .wp-block-kadence-advancedheading.kt-adv-heading1582_87c9f4-01[data-kb-block=\"kb-adv-heading1582_87c9f4-01\"] img.kb-inline-image{width:150px;vertical-align:baseline;}<\/style>\n<div class=\"kt-adv-heading1582_87c9f4-01 wp-block-kadence-advancedheading\" data-kb-block=\"kb-adv-heading1582_87c9f4-01\">Piscine e sport: Una piscina principale, piscine riservate agli ospiti Royal Service, centro fitness e un&#8217;ampia gamma di attivit\u00e0 sportive, tra cui tennis, snorkeling, windsurf e molto altro.<\/div>\n\n\n<style>.wp-block-kadence-advancedheading.kt-adv-heading1582_75407a-5a, .wp-block-kadence-advancedheading.kt-adv-heading1582_75407a-5a[data-kb-block=\"kb-adv-heading1582_75407a-5a\"]{font-style:normal;}.wp-block-kadence-advancedheading.kt-adv-heading1582_75407a-5a mark.kt-highlight, .wp-block-kadence-advancedheading.kt-adv-heading1582_75407a-5a[data-kb-block=\"kb-adv-heading1582_75407a-5a\"] mark.kt-highlight{font-style:normal;color:#f76a0c;-webkit-box-decoration-break:clone;box-decoration-break:clone;padding-top:0px;padding-right:0px;padding-bottom:0px;padding-left:0px;}.wp-block-kadence-advancedheading.kt-adv-heading1582_75407a-5a img.kb-inline-image, .wp-block-kadence-advancedheading.kt-adv-heading1582_75407a-5a[data-kb-block=\"kb-adv-heading1582_75407a-5a\"] img.kb-inline-image{width:150px;vertical-align:baseline;}<\/style>\n<p class=\"kt-adv-heading1582_75407a-5a wp-block-kadence-advancedheading\" data-kb-block=\"kb-adv-heading1582_75407a-5a\">\ud83c\udf7d\ufe0f Ristorazione &amp; bar<\/p>\n\n\n<style>.wp-block-kadence-advancedheading.kt-adv-heading1582_a4f6a1-53, .wp-block-kadence-advancedheading.kt-adv-heading1582_a4f6a1-53[data-kb-block=\"kb-adv-heading1582_a4f6a1-53\"]{font-style:normal;}.wp-block-kadence-advancedheading.kt-adv-heading1582_a4f6a1-53 mark.kt-highlight, .wp-block-kadence-advancedheading.kt-adv-heading1582_a4f6a1-53[data-kb-block=\"kb-adv-heading1582_a4f6a1-53\"] mark.kt-highlight{font-style:normal;color:#f76a0c;-webkit-box-decoration-break:clone;box-decoration-break:clone;padding-top:0px;padding-right:0px;padding-bottom:0px;padding-left:0px;}.wp-block-kadence-advancedheading.kt-adv-heading1582_a4f6a1-53 img.kb-inline-image, .wp-block-kadence-advancedheading.kt-adv-heading1582_a4f6a1-53[data-kb-block=\"kb-adv-heading1582_a4f6a1-53\"] img.kb-inline-image{width:150px;vertical-align:baseline;}<\/style>\n<p class=\"kt-adv-heading1582_a4f6a1-53 wp-block-kadence-advancedheading\" data-kb-block=\"kb-adv-heading1582_a4f6a1-53\">La ristorazione \u00e8 una delle principali attrazioni del Paradisus Princesa del Mar, con una variet\u00e0 di ristoranti \u00e0 la carte, buffet internazionali e snack bar che offrono cucina cubana, mediterranea, asiatica e internazionale. Tra i ristoranti pi\u00f9 apprezzati, troviamo il ristorante Teppanyaki, che serve piatti giapponesi preparati dal vivo.<br>Inoltre, l&#8217;all-inclusive consente agli ospiti di assaporare una selezione di cocktail tropicali e bevande premium in uno degli eleganti bar del resort.<\/p>\n\n\n<style>.wp-block-kadence-advancedheading.kt-adv-heading1582_8fc04b-4b, .wp-block-kadence-advancedheading.kt-adv-heading1582_8fc04b-4b[data-kb-block=\"kb-adv-heading1582_8fc04b-4b\"]{font-style:normal;}.wp-block-kadence-advancedheading.kt-adv-heading1582_8fc04b-4b mark.kt-highlight, .wp-block-kadence-advancedheading.kt-adv-heading1582_8fc04b-4b[data-kb-block=\"kb-adv-heading1582_8fc04b-4b\"] mark.kt-highlight{font-style:normal;color:#f76a0c;-webkit-box-decoration-break:clone;box-decoration-break:clone;padding-top:0px;padding-right:0px;padding-bottom:0px;padding-left:0px;}.wp-block-kadence-advancedheading.kt-adv-heading1582_8fc04b-4b img.kb-inline-image, .wp-block-kadence-advancedheading.kt-adv-heading1582_8fc04b-4b[data-kb-block=\"kb-adv-heading1582_8fc04b-4b\"] img.kb-inline-image{width:150px;vertical-align:baseline;}<\/style>\n<p class=\"kt-adv-heading1582_8fc04b-4b wp-block-kadence-advancedheading\" data-kb-block=\"kb-adv-heading1582_8fc04b-4b\">\ud83c\udfca\u200d\u2642\ufe0f Servizi &amp; divertimento<\/p>\n\n\n<style>.wp-block-kadence-advancedheading.kt-adv-heading1582_e4cdbb-1a, .wp-block-kadence-advancedheading.kt-adv-heading1582_e4cdbb-1a[data-kb-block=\"kb-adv-heading1582_e4cdbb-1a\"]{font-style:normal;}.wp-block-kadence-advancedheading.kt-adv-heading1582_e4cdbb-1a mark.kt-highlight, .wp-block-kadence-advancedheading.kt-adv-heading1582_e4cdbb-1a[data-kb-block=\"kb-adv-heading1582_e4cdbb-1a\"] mark.kt-highlight{font-style:normal;color:#f76a0c;-webkit-box-decoration-break:clone;box-decoration-break:clone;padding-top:0px;padding-right:0px;padding-bottom:0px;padding-left:0px;}.wp-block-kadence-advancedheading.kt-adv-heading1582_e4cdbb-1a img.kb-inline-image, .wp-block-kadence-advancedheading.kt-adv-heading1582_e4cdbb-1a[data-kb-block=\"kb-adv-heading1582_e4cdbb-1a\"] img.kb-inline-image{width:150px;vertical-align:baseline;}<\/style>\n<div class=\"kt-adv-heading1582_e4cdbb-1a wp-block-kadence-advancedheading\" data-kb-block=\"kb-adv-heading1582_e4cdbb-1a\">Intrattenimento serale: Spettacoli dal vivo, musica, danza e performance artistiche.<\/div>\n\n\n<style>.wp-block-kadence-advancedheading.kt-adv-heading1582_be436c-52, .wp-block-kadence-advancedheading.kt-adv-heading1582_be436c-52[data-kb-block=\"kb-adv-heading1582_be436c-52\"]{font-style:normal;}.wp-block-kadence-advancedheading.kt-adv-heading1582_be436c-52 mark.kt-highlight, .wp-block-kadence-advancedheading.kt-adv-heading1582_be436c-52[data-kb-block=\"kb-adv-heading1582_be436c-52\"] mark.kt-highlight{font-style:normal;color:#f76a0c;-webkit-box-decoration-break:clone;box-decoration-break:clone;padding-top:0px;padding-right:0px;padding-bottom:0px;padding-left:0px;}.wp-block-kadence-advancedheading.kt-adv-heading1582_be436c-52 img.kb-inline-image, .wp-block-kadence-advancedheading.kt-adv-heading1582_be436c-52[data-kb-block=\"kb-adv-heading1582_be436c-52\"] img.kb-inline-image{width:150px;vertical-align:baseline;}<\/style>\n<div class=\"kt-adv-heading1582_be436c-52 wp-block-kadence-advancedheading\" data-kb-block=\"kb-adv-heading1582_be436c-52\">Sport acquatici: Snorkeling, immersioni, windsurf, kayak.<\/div>\n\n\n<style>.wp-block-kadence-advancedheading.kt-adv-heading1582_d93ddb-e1, .wp-block-kadence-advancedheading.kt-adv-heading1582_d93ddb-e1[data-kb-block=\"kb-adv-heading1582_d93ddb-e1\"]{font-style:normal;}.wp-block-kadence-advancedheading.kt-adv-heading1582_d93ddb-e1 mark.kt-highlight, .wp-block-kadence-advancedheading.kt-adv-heading1582_d93ddb-e1[data-kb-block=\"kb-adv-heading1582_d93ddb-e1\"] mark.kt-highlight{font-style:normal;color:#f76a0c;-webkit-box-decoration-break:clone;box-decoration-break:clone;padding-top:0px;padding-right:0px;padding-bottom:0px;padding-left:0px;}.wp-block-kadence-advancedheading.kt-adv-heading1582_d93ddb-e1 img.kb-inline-image, .wp-block-kadence-advancedheading.kt-adv-heading1582_d93ddb-e1[data-kb-block=\"kb-adv-heading1582_d93ddb-e1\"] img.kb-inline-image{width:150px;vertical-align:baseline;}<\/style>\n<div class=\"kt-adv-heading1582_d93ddb-e1 wp-block-kadence-advancedheading\" data-kb-block=\"kb-adv-heading1582_d93ddb-e1\">Attivit\u00e0 benessere: Yoga, meditazione, aerobica.<\/div>\n\n\n<style>.wp-block-kadence-advancedheading.kt-adv-heading1582_6aea95-f6, .wp-block-kadence-advancedheading.kt-adv-heading1582_6aea95-f6[data-kb-block=\"kb-adv-heading1582_6aea95-f6\"]{font-style:normal;}.wp-block-kadence-advancedheading.kt-adv-heading1582_6aea95-f6 mark.kt-highlight, .wp-block-kadence-advancedheading.kt-adv-heading1582_6aea95-f6[data-kb-block=\"kb-adv-heading1582_6aea95-f6\"] mark.kt-highlight{font-style:normal;color:#f76a0c;-webkit-box-decoration-break:clone;box-decoration-break:clone;padding-top:0px;padding-right:0px;padding-bottom:0px;padding-left:0px;}.wp-block-kadence-advancedheading.kt-adv-heading1582_6aea95-f6 img.kb-inline-image, .wp-block-kadence-advancedheading.kt-adv-heading1582_6aea95-f6[data-kb-block=\"kb-adv-heading1582_6aea95-f6\"] img.kb-inline-image{width:150px;vertical-align:baseline;}<\/style>\n<div class=\"kt-adv-heading1582_6aea95-f6 wp-block-kadence-advancedheading\" data-kb-block=\"kb-adv-heading1582_6aea95-f6\">Escursioni: Organizzazione di tour alla scoperta di Varadero e dei suoi dintorni, inclusi escursioni a L&#8217;Avana, visite alla Cueva de Saturno e tour in catamarano.<\/div>\n\n\n<style>.wp-block-kadence-advancedheading.kt-adv-heading1582_6ae285-ae, .wp-block-kadence-advancedheading.kt-adv-heading1582_6ae285-ae[data-kb-block=\"kb-adv-heading1582_6ae285-ae\"]{font-style:normal;}.wp-block-kadence-advancedheading.kt-adv-heading1582_6ae285-ae mark.kt-highlight, .wp-block-kadence-advancedheading.kt-adv-heading1582_6ae285-ae[data-kb-block=\"kb-adv-heading1582_6ae285-ae\"] mark.kt-highlight{font-style:normal;color:#f76a0c;-webkit-box-decoration-break:clone;box-decoration-break:clone;padding-top:0px;padding-right:0px;padding-bottom:0px;padding-left:0px;}.wp-block-kadence-advancedheading.kt-adv-heading1582_6ae285-ae img.kb-inline-image, .wp-block-kadence-advancedheading.kt-adv-heading1582_6ae285-ae[data-kb-block=\"kb-adv-heading1582_6ae285-ae\"] img.kb-inline-image{width:150px;vertical-align:baseline;}<\/style>\n<p class=\"kt-adv-heading1582_6ae285-ae wp-block-kadence-advancedheading\" data-kb-block=\"kb-adv-heading1582_6ae285-ae\"><\/p>\n\n\n<style>.wp-block-kadence-advancedheading.kt-adv-heading1582_ca3745-d7, .wp-block-kadence-advancedheading.kt-adv-heading1582_ca3745-d7[data-kb-block=\"kb-adv-heading1582_ca3745-d7\"]{font-style:normal;}.wp-block-kadence-advancedheading.kt-adv-heading1582_ca3745-d7 mark.kt-highlight, .wp-block-kadence-advancedheading.kt-adv-heading1582_ca3745-d7[data-kb-block=\"kb-adv-heading1582_ca3745-d7\"] mark.kt-highlight{font-style:normal;color:#f76a0c;-webkit-box-decoration-break:clone;box-decoration-break:clone;padding-top:0px;padding-right:0px;padding-bottom:0px;padding-left:0px;}.wp-block-kadence-advancedheading.kt-adv-heading1582_ca3745-d7 img.kb-inline-image, .wp-block-kadence-advancedheading.kt-adv-heading1582_ca3745-d7[data-kb-block=\"kb-adv-heading1582_ca3745-d7\"] img.kb-inline-image{width:150px;vertical-align:baseline;}<\/style>\n<p class=\"kt-adv-heading1582_ca3745-d7 wp-block-kadence-advancedheading\" data-kb-block=\"kb-adv-heading1582_ca3745-d7\">\u2705 Vantaggi<\/p>\n\n\n<style>.wp-block-kadence-advancedheading.kt-adv-heading1582_f9c13d-96, .wp-block-kadence-advancedheading.kt-adv-heading1582_f9c13d-96[data-kb-block=\"kb-adv-heading1582_f9c13d-96\"]{font-style:normal;}.wp-block-kadence-advancedheading.kt-adv-heading1582_f9c13d-96 mark.kt-highlight, .wp-block-kadence-advancedheading.kt-adv-heading1582_f9c13d-96[data-kb-block=\"kb-adv-heading1582_f9c13d-96\"] mark.kt-highlight{font-style:normal;color:#f76a0c;-webkit-box-decoration-break:clone;box-decoration-break:clone;padding-top:0px;padding-right:0px;padding-bottom:0px;padding-left:0px;}.wp-block-kadence-advancedheading.kt-adv-heading1582_f9c13d-96 img.kb-inline-image, .wp-block-kadence-advancedheading.kt-adv-heading1582_f9c13d-96[data-kb-block=\"kb-adv-heading1582_f9c13d-96\"] img.kb-inline-image{width:150px;vertical-align:baseline;}<\/style>\n<p class=\"kt-adv-heading1582_f9c13d-96 wp-block-kadence-advancedheading\" data-kb-block=\"kb-adv-heading1582_f9c13d-96\">Il Paradisus Princesa del Mar rappresenta una delle opzioni pi\u00f9 lussuose e tranquille a Varadero, perfetto per chi cerca eleganza, servizi esclusivi e un ambiente rilassante. Se desideri un&#8217;esperienza premium, l&#8217;opzione Royal Service ti offrir\u00e0 il massimo della privacy e del comfort. Se invece ami esplorare, le attivit\u00e0 e le escursioni ti garantiranno avventure indimenticabili.<\/p>\n\n\n\n<div style=\"height:30px\" aria-hidden=\"true\" class=\"wp-block-spacer\"><\/div>\n\n\n<style>.wp-block-kadence-advancedbtn.kb-btns1582_82e799-d8{gap:var(--global-kb-gap-xs, 0.5rem );justify-content:flex-start;align-items:center;}.kt-btns1582_82e799-d8 .kt-button{font-weight:normal;font-style:normal;}.kt-btns1582_82e799-d8 .kt-btn-wrap-0{margin-right:5px;}.wp-block-kadence-advancedbtn.kt-btns1582_82e799-d8 .kt-btn-wrap-0 .kt-button{color:#555555;border-color:#555555;}.wp-block-kadence-advancedbtn.kt-btns1582_82e799-d8 .kt-btn-wrap-0 .kt-button:hover, .wp-block-kadence-advancedbtn.kt-btns1582_82e799-d8 .kt-btn-wrap-0 .kt-button:focus{color:#ffffff;border-color:#444444;}.wp-block-kadence-advancedbtn.kt-btns1582_82e799-d8 .kt-btn-wrap-0 .kt-button::before{display:none;}.wp-block-kadence-advancedbtn.kt-btns1582_82e799-d8 .kt-btn-wrap-0 .kt-button:hover, .wp-block-kadence-advancedbtn.kt-btns1582_82e799-d8 .kt-btn-wrap-0 .kt-button:focus{background:#444444;}<\/style>\n<div class=\"wp-block-kadence-advancedbtn kb-buttons-wrap kb-btns1582_82e799-d8\"><style>ul.menu .wp-block-kadence-advancedbtn .kb-btn1582_34caf8-af.kb-button{width:initial;}<\/style><a class=\"kb-button kt-button button kb-btn1582_34caf8-af kt-btn-size-small kt-btn-width-type-auto kb-btn-global-fill  kt-btn-has-text-true kt-btn-has-svg-false  wp-block-kadence-singlebtn\" href=\"https:\/\/criand.it\/index.php\/trova-hotel\/\"><span class=\"kt-btn-inner-text\">TORNA alla LISTA HOTEL<\/span><\/a><\/div>\n","protected":false},"excerpt":{"rendered":"<p>Varadero \ud83d\udccd Posizione &amp; struttura Resort di lusso solo per adulti (18+)Categoria: 5 stelleSituato direttamente sulla splendida spiaggia di Varadero, uno dei tratti di sabbia pi\u00f9 bianchi e mare cristallino di tutta Cuba. Il Paradisus Princesa del Mar \u00e8 un esclusivo resort di lusso, pensato&hellip;<\/p>\n","protected":false},"author":1,"featured_media":0,"parent":1355,"menu_order":0,"comment_status":"closed","ping_status":"closed","template":"","meta":{"ngg_post_thumbnail":0,"footnotes":""},"class_list":["post-1582","page","type-page","status-publish","hentry"],"jetpack_sharing_enabled":true,"_links":{"self":[{"href":"https:\/\/criand.it\/index.php\/wp-json\/wp\/v2\/pages\/1582","targetHints":{"allow":["GET"]}}],"collection":[{"href":"https:\/\/criand.it\/index.php\/wp-json\/wp\/v2\/pages"}],"about":[{"href":"https:\/\/criand.it\/index.php\/wp-json\/wp\/v2\/types\/page"}],"author":[{"embeddable":true,"href":"https:\/\/criand.it\/index.php\/wp-json\/wp\/v2\/users\/1"}],"replies":[{"embeddable":true,"href":"https:\/\/criand.it\/index.php\/wp-json\/wp\/v2\/comments?post=1582"}],"version-history":[{"count":3,"href":"https:\/\/criand.it\/index.php\/wp-json\/wp\/v2\/pages\/1582\/revisions"}],"predecessor-version":[{"id":2534,"href":"https:\/\/criand.it\/index.php\/wp-json\/wp\/v2\/pages\/1582\/revisions\/2534"}],"up":[{"embeddable":true,"href":"https:\/\/criand.it\/index.php\/wp-json\/wp\/v2\/pages\/1355"}],"wp:attachment":[{"href":"https:\/\/criand.it\/index.php\/wp-json\/wp\/v2\/media?parent=1582"}],"curies":[{"name":"wp","href":"https:\/\/api.w.org\/{rel}","templated":true}]}}