{"id":1198,"date":"2025-02-27T07:52:15","date_gmt":"2025-02-27T06:52:15","guid":{"rendered":"https:\/\/criand.it\/?page_id=1198"},"modified":"2025-02-27T07:52:19","modified_gmt":"2025-02-27T06:52:19","slug":"natura","status":"publish","type":"page","link":"https:\/\/criand.it\/index.php\/natura\/","title":{"rendered":"Natura"},"content":{"rendered":"<div class=\"wp-block-image\">\n<figure class=\"aligncenter size-full\"><img fetchpriority=\"high\" decoding=\"async\" width=\"787\" height=\"464\" src=\"https:\/\/criand.it\/wp-content\/uploads\/2025\/01\/verdadera_cuba_8.jpg\" alt=\"\" class=\"wp-image-940\" srcset=\"https:\/\/criand.it\/wp-content\/uploads\/2025\/01\/verdadera_cuba_8.jpg 787w, https:\/\/criand.it\/wp-content\/uploads\/2025\/01\/verdadera_cuba_8-600x354.jpg 600w, https:\/\/criand.it\/wp-content\/uploads\/2025\/01\/verdadera_cuba_8-300x177.jpg 300w, https:\/\/criand.it\/wp-content\/uploads\/2025\/01\/verdadera_cuba_8-768x453.jpg 768w\" sizes=\"(max-width: 787px) 100vw, 787px\" \/><figcaption class=\"wp-element-caption\">Laguna dei Fenicotteri<\/figcaption><\/figure>\n<\/div>\n\n\n<div style=\"height:30px\" aria-hidden=\"true\" class=\"wp-block-spacer\"><\/div>\n\n\n\n<p>Cuba offre un ambiente naturale ricco e diversificato, con un&#8217;ampia variet\u00e0 di paesaggi che vanno da foreste lussureggianti e giungle tropicali a splendide spiagge e barriere coralline. La geografia e il clima unici dell&#8217;isola contribuiscono alla sua incredibile biodiversit\u00e0. <\/p>\n\n\n\n<h3 class=\"wp-block-heading\">1. <strong>Geografia e paesaggi<\/strong><\/h3>\n\n\n\n<p>Il paesaggio di Cuba \u00e8 incredibilmente vario, offrendo un mix di montagne, pianure, foreste e coste:<\/p>\n\n\n\n<ul class=\"wp-block-list\">\n<li><strong>Montagne<\/strong>: la catena montuosa della <strong>Sierra Maestra<\/strong> nel sud-est \u00e8 una delle caratteristiche pi\u00f9 importanti della geografia di Cuba. Ospita la vetta pi\u00f9 alta dell&#8217;isola, il <strong>Pico Turquino<\/strong>, che si eleva fino a 1.974 metri (6.476 piedi). Questa catena montuosa \u00e8 anche storicamente significativa in quanto \u00e8 stata una roccaforte per i rivoluzionari di Fidel Castro. &#8211; <strong>Pianure e valli<\/strong>: la <strong>palude di Zapata<\/strong> nella parte meridionale dell&#8217;isola \u00e8 la pi\u00f9 grande zona umida dei Caraibi, che ospita numerose specie di uccelli e altri animali selvatici. La <strong>valle di Vinales<\/strong>, nella parte occidentale dell&#8217;isola, \u00e8 nota per le sue spettacolari scogliere calcaree chiamate <strong>mogotes<\/strong>, che si innalzano bruscamente dal fondovalle.<\/li>\n\n\n\n<li><strong>Spiagge<\/strong>: la costa di Cuba ospita spiagge meravigliose, tra cui <strong>Varadero<\/strong>, <strong>Cayo Coco<\/strong> e <strong>Cayo Largo<\/strong>. Le spiagge sono note per la loro soffice sabbia bianca e le acque cristalline, che le rendono popolari tra i turisti. Queste aree ospitano anche vari ecosistemi come mangrovie costiere e barriere coralline.<\/li>\n<\/ul>\n\n\n\n<h3 class=\"wp-block-heading\">2. <strong>Flora e fauna<\/strong><\/h3>\n\n\n\n<p>Cuba vanta un alto livello di biodiversit\u00e0, con molte specie uniche dell&#8217;isola. Alcune delle specie di flora e fauna dell&#8217;isola includono:<\/p>\n\n\n\n<ul class=\"wp-block-list\">\n<li><strong>Flora<\/strong>: il paesaggio cubano \u00e8 ricco di vegetazione, tra cui foreste tropicali, praterie e vegetazione costiera. <strong>Foreste di pini cubani<\/strong>, <strong>mangrovie<\/strong> e la rara <strong>palma reale cubana<\/strong> (l&#8217;albero nazionale dell&#8217;isola) sono solo alcuni esempi. Anche la <strong>pianta del tabacco cubano<\/strong> \u00e8 una parte importante dell&#8217;identit\u00e0 del paese.<\/li>\n\n\n\n<li><strong>Fauna<\/strong>: Cuba ospita una vasta gamma di animali, tra cui alcune specie endemiche. Il <strong>coccodrillo cubano<\/strong> e l&#8217;<strong>iguana cubana<\/strong> sono rettili iconici che si trovano sull&#8217;isola. Cuba \u00e8 anche famosa per le sue specie di uccelli, come il <strong>tody cubano<\/strong>, il <strong>pappagallo cubano<\/strong> e la <strong>colomba zenaida<\/strong>. Il <strong>petrello dell&#8217;Avana<\/strong> \u00e8 un&#8217;altra specie unica nativa di Cuba.<\/li>\n\n\n\n<li><strong>Specie endemiche<\/strong>: Cuba \u00e8 nota per la sua fauna selvatica unica ed endemica, come il <strong>colibr\u00ec ape cubano<\/strong>, l&#8217;uccello pi\u00f9 piccolo del mondo, e il <strong>solenoide cubano<\/strong>, un tipo di pipistrello. A causa della geografia isolata di Cuba e dei diversi ecosistemi, molte specie che si trovano qui non si trovano da nessun&#8217;altra parte.<\/li>\n<\/ul>\n\n\n\n<h3 class=\"wp-block-heading\">3. <strong>Parchi nazionali e aree protette<\/strong><\/h3>\n\n\n\n<p>Cuba ha una vasta rete di parchi nazionali e aree protette, molti dei quali sono siti patrimonio dell&#8217;umanit\u00e0 UNESCO o riserve della biosfera. Tra quelli pi\u00f9 importanti ci sono:<\/p>\n\n\n\n<ul class=\"wp-block-list\">\n<li><strong>Valle di Vi\u00f1ales<\/strong>: sito patrimonio dell&#8217;umanit\u00e0 UNESCO, questa regione \u00e8 famosa per le sue spettacolari formazioni calcaree (mogotes) e il suo ricco patrimonio di coltivazione del tabacco. L&#8217;area ha anche foreste lussureggianti e un ecosistema diversificato.<\/li>\n\n\n\n<li><strong>Parco nazionale della palude di Zapata<\/strong>: questa \u00e8 una delle pi\u00f9 grandi zone umide dei Caraibi e ospita una variet\u00e0 di fauna selvatica, tra cui specie di uccelli endemici e coccodrilli cubani. \u00c8 un&#8217;importante area ecologica per il birdwatching e la conservazione ambientale.<\/li>\n\n\n\n<li><strong>Barriere coralline di Cuba<\/strong>: Cuba ha uno dei sistemi di barriera corallina pi\u00f9 sani e meglio conservati dei Caraibi. I <strong>Jardines de la Reina<\/strong> (Giardini della Regina) sono un parco marino protetto con alcune delle barriere coralline e della vita marina meglio conservate della regione.<\/li>\n\n\n\n<li><strong>Riserve della biosfera di Cuba<\/strong>: Cuba ospita diverse riserve della biosfera, tra cui la <strong>Sierra del Rosario<\/strong> e le <strong>Cuchillas del Toa<\/strong>. Queste aree sono fondamentali per la protezione di ecosistemi unici e per offrire opportunit\u00e0 per la ricerca scientifica e l&#8217;ecoturismo.<\/li>\n<\/ul>\n\n\n\n<h3 class=\"wp-block-heading\">4. <strong>Clima<\/strong><\/h3>\n\n\n\n<p>Cuba ha un clima tropicale, con temperature calde tutto l&#8217;anno. L&#8217;isola vive due stagioni distinte:<\/p>\n\n\n\n<ul class=\"wp-block-list\">\n<li><strong>Stagione secca<\/strong> (da novembre ad aprile): questo \u00e8 il periodo pi\u00f9 gettonato dai turisti, poich\u00e9 il clima \u00e8 soleggiato e caldo con un&#8217;umidit\u00e0 inferiore.<\/li>\n\n\n\n<li><strong>Stagione delle piogge<\/strong> (da maggio a ottobre): questo periodo porta un&#8217;umidit\u00e0 maggiore e frequenti rovesci, soprattutto nel pomeriggio. Coincide anche con la stagione degli uragani, che a volte pu\u00f2 portare forti tempeste sull&#8217;isola.<\/li>\n<\/ul>\n\n\n\n<h3 class=\"wp-block-heading\">5. <strong>Ecoturismo<\/strong><\/h3>\n\n\n\n<p>Cuba \u00e8 una destinazione in crescita per l&#8217;ecoturismo, grazie alle sue aree naturali diversificate e ben conservate. Dall&#8217;escursionismo sulle montagne della <strong>Sierra Maestra<\/strong> all&#8217;esplorazione delle barriere coralline al largo della costa, ci sono molte opportunit\u00e0 per vivere la natura di Cuba in modo ecosostenibile. L&#8217;impegno di Cuba per la conservazione e il turismo sostenibile l&#8217;ha resa una destinazione unica per gli amanti della natura.<\/p>\n\n\n\n<h3 class=\"wp-block-heading\">6. <strong>Conservazione della fauna selvatica<\/strong><\/h3>\n\n\n\n<p>Cuba ha compiuto passi da gigante nella conservazione della fauna selvatica, con molte delle sue aree naturali designate come parchi nazionali o aree protette. Il governo ha anche preso misure per proteggere specie in via di estinzione come il coccodrillo cubano e il petrello dell&#8217;Avana. L&#8217;ecoturismo \u00e8 diventato uno strumento fondamentale per la conservazione, consentendo ai visitatori di sostenere la protezione delle risorse naturali mentre sperimentano gli ecosistemi unici di Cuba.<br>Conclusione<\/p>\n\n\n\n<p>La natura a Cuba \u00e8 tanto varia e vibrante quanto l&#8217;isola stessa. Dalle imponenti montagne e dalle lussureggianti valli alle spiagge incontaminate e alla fiorente vita marina, Cuba offre un&#8217;abbondanza di bellezze naturali. I suoi ecosistemi unici e gli sforzi di conservazione la rendono una destinazione affascinante per gli amanti della natura e un luogo importante per la biodiversit\u00e0 nei Caraibi.<\/p>\n\n\n<div class=\"wp-block-image\">\n<figure class=\"aligncenter size-full\"><img decoding=\"async\" width=\"1024\" height=\"768\" src=\"https:\/\/criand.it\/wp-content\/uploads\/2025\/02\/natura-a-cuba.png\" class=\"wp-image-1199\" style=\"aspect-ratio:16\/9;object-fit:cover\" srcset=\"https:\/\/criand.it\/wp-content\/uploads\/2025\/02\/natura-a-cuba.png 1024w, https:\/\/criand.it\/wp-content\/uploads\/2025\/02\/natura-a-cuba-300x225.png 300w, https:\/\/criand.it\/wp-content\/uploads\/2025\/02\/natura-a-cuba-768x576.png 768w, https:\/\/criand.it\/wp-content\/uploads\/2025\/02\/natura-a-cuba-80x60.png 80w, https:\/\/criand.it\/wp-content\/uploads\/2025\/02\/natura-a-cuba-600x450.png 600w\" sizes=\"(max-width: 1024px) 100vw, 1024px\" \/><\/figure>\n<\/div>","protected":false},"excerpt":{"rendered":"<p>Cuba offre un ambiente naturale ricco e diversificato, con un&#8217;ampia variet\u00e0 di paesaggi che vanno da foreste lussureggianti e giungle tropicali a splendide spiagge e barriere coralline. La geografia e il clima unici dell&#8217;isola contribuiscono alla sua incredibile biodiversit\u00e0. 1. Geografia e paesaggi Il paesaggio&hellip;<\/p>\n","protected":false},"author":1,"featured_media":0,"parent":0,"menu_order":0,"comment_status":"closed","ping_status":"closed","template":"","meta":{"ngg_post_thumbnail":0,"footnotes":""},"class_list":["post-1198","page","type-page","status-publish","hentry"],"jetpack_sharing_enabled":true,"_links":{"self":[{"href":"https:\/\/criand.it\/index.php\/wp-json\/wp\/v2\/pages\/1198","targetHints":{"allow":["GET"]}}],"collection":[{"href":"https:\/\/criand.it\/index.php\/wp-json\/wp\/v2\/pages"}],"about":[{"href":"https:\/\/criand.it\/index.php\/wp-json\/wp\/v2\/types\/page"}],"author":[{"embeddable":true,"href":"https:\/\/criand.it\/index.php\/wp-json\/wp\/v2\/users\/1"}],"replies":[{"embeddable":true,"href":"https:\/\/criand.it\/index.php\/wp-json\/wp\/v2\/comments?post=1198"}],"version-history":[{"count":1,"href":"https:\/\/criand.it\/index.php\/wp-json\/wp\/v2\/pages\/1198\/revisions"}],"predecessor-version":[{"id":1200,"href":"https:\/\/criand.it\/index.php\/wp-json\/wp\/v2\/pages\/1198\/revisions\/1200"}],"wp:attachment":[{"href":"https:\/\/criand.it\/index.php\/wp-json\/wp\/v2\/media?parent=1198"}],"curies":[{"name":"wp","href":"https:\/\/api.w.org\/{rel}","templated":true}]}}