{"id":1193,"date":"2025-02-27T07:42:46","date_gmt":"2025-02-27T06:42:46","guid":{"rendered":"https:\/\/criand.it\/?page_id=1193"},"modified":"2025-02-27T07:42:49","modified_gmt":"2025-02-27T06:42:49","slug":"tabacco","status":"publish","type":"page","link":"https:\/\/criand.it\/index.php\/tabacco\/","title":{"rendered":"Tabacco"},"content":{"rendered":"<div class=\"wp-block-image\">\n<figure class=\"aligncenter size-full\"><img fetchpriority=\"high\" decoding=\"async\" width=\"640\" height=\"480\" src=\"https:\/\/criand.it\/wp-content\/uploads\/2025\/02\/verdadera_cuba_3.jpg\" alt=\"\" class=\"wp-image-1195\" srcset=\"https:\/\/criand.it\/wp-content\/uploads\/2025\/02\/verdadera_cuba_3.jpg 640w, https:\/\/criand.it\/wp-content\/uploads\/2025\/02\/verdadera_cuba_3-300x225.jpg 300w, https:\/\/criand.it\/wp-content\/uploads\/2025\/02\/verdadera_cuba_3-80x60.jpg 80w, https:\/\/criand.it\/wp-content\/uploads\/2025\/02\/verdadera_cuba_3-600x450.jpg 600w\" sizes=\"(max-width: 640px) 100vw, 640px\" \/><\/figure>\n<\/div>\n\n\n<div style=\"height:30px\" aria-hidden=\"true\" class=\"wp-block-spacer\"><\/div>\n\n\n\n<p>Le piantagioni di tabacco a Cuba hanno una lunga e ricca storia e il paese \u00e8 noto in tutto il mondo per la produzione di alcuni dei migliori tabacchi, in particolare per i sigari di qualit\u00e0. <\/p>\n\n\n\n<p>Il tabacco \u00e8 stato coltivato per la prima volta a Cuba dagli indigeni Ta\u00edno prima dell&#8217;arrivo degli spagnoli. Dopo la colonizzazione, gli spagnoli hanno iniziato a perfezionare la coltivazione e la produzione del tabacco, trasformandolo in un&#8217;esportazione redditizia. Nel XIX secolo, il tabacco cubano \u00e8 diventato molto ricercato a livello mondiale, in particolare per i sigari. Oggi, l&#8217;industria del tabacco cubana \u00e8 una delle pi\u00f9 famose dell&#8217;isola, con i sigari considerati un simbolo di lusso, artigianalit\u00e0 e tradizione cubana.<br><\/p>\n\n\n\n<p><strong>Regioni di coltivazione del tabacco<\/strong><br>Il clima di Cuba \u00e8 perfetto per la coltivazione del tabacco, con la regione di Vuelta Abajo nella provincia di Pinar del R\u00edo che \u00e8 l&#8217;area di coltivazione del tabacco pi\u00f9 famosa e importante. <br>Vuelta Abajo: nota come il cuore del tabacco cubano, questa regione produce le foglie di tabacco pi\u00f9 pregiate utilizzate per i sigari premium.<br>Semi Vuelta: situata a est di Pinar del R\u00edo, questa regione coltiva anche tabacco di alta qualit\u00e0, ma in misura minore.<\/p>\n\n\n\n<p><strong>Tipi di tabacco coltivati<\/strong><br>Cuba coltiva vari tipi di tabacco, che sono solitamente classificati in base al loro utilizzo:<br>Corojo: una variet\u00e0 di tabacco pregiata nota per la sua forza e il sapore pieno, utilizzata in molti sigari premium.<br>Criollo: un&#8217;altra variet\u00e0 importante, che offre un profilo aromatico pi\u00f9 delicato.<br>San Luis: una variet\u00e0 spesso utilizzata nella produzione di sigari con caratteristiche aromatiche distintive.<\/p>\n\n\n\n<p><strong>Il processo di coltivazione<\/strong><br>Il processo di coltivazione e coltivazione del tabacco \u00e8 meticoloso.<br><strong>Piantagione:<\/strong> i semi di tabacco vengono piantati in un terreno ricco e fertile. Gli agricoltori prestano molta attenzione alla selezione della giusta variet\u00e0 di tabacco per adattarsi al clima e alle condizioni del terreno della loro regione.<br><strong>Stagionatura:<\/strong> dopo la raccolta, le foglie vengono sottoposte a un processo di stagionatura che pu\u00f2 durare diverse settimane. Le foglie vengono stagionate all&#8217;aria, al sole o al fuoco, il che conferisce loro il loro sapore unico.<br><strong>Fermentazione:<\/strong> dopo la stagionatura, il tabacco viene fermentato. Questo passaggio aiuta a sviluppare il sapore e l&#8217;aroma del tabacco.<br><strong>Invecchiamento:<\/strong> infine, il tabacco viene invecchiato per diversi mesi o addirittura anni, consentendo ai sapori di maturare prima di essere utilizzati nei sigari.<\/p>\n\n\n\n<p><strong>Produzione di sigari<\/strong><br>I sigari cubani vengono spesso arrotolati a mano nelle fabbriche e sono considerati tra i migliori al mondo. Il tabacco utilizzato nei sigari viene coltivato nelle piantagioni e ogni foglia viene attentamente selezionata e preparata per essere arrotolata. L&#8217;arte di arrotolare i sigari \u00e8 un mestiere altamente specializzato, con artigiani, noti come torcedores, che modellano i sigari a mano.<\/p>\n\n\n\n<p><strong>Importanza economica e culturale<\/strong><br>Il tabacco \u00e8 una delle esportazioni agricole pi\u00f9 importanti di Cuba e svolge un ruolo chiave nell&#8217;economia del paese. La produzione di sigari ha anche una notevole importanza culturale, con una tradizione di lunga data e una reputazione globale per la qualit\u00e0. Per molti cubani, lavorare nelle piantagioni di tabacco o nelle fabbriche di sigari \u00e8 una parte significativa del loro sostentamento e della loro eredit\u00e0.<\/p>\n\n\n\n<p><strong>Sfide<\/strong><br>I coltivatori di tabacco cubani affrontano sfide, tra cui:<br>Cambiamenti climatici: modelli meteorologici imprevedibili, tra cui uragani e siccit\u00e0, possono danneggiare i raccolti.<br>Condizioni economiche: l&#8217;embargo commerciale degli Stati Uniti e i cambiamenti del mercato globale hanno avuto un impatto sull&#8217;industria del tabacco di Cuba, soprattutto in termini di esportazioni.<br>Problemi di manodopera: sebbene Cuba produca ancora tabacco di alta qualit\u00e0, l&#8217;industria ha dovuto affrontare carenze di manodopera a causa delle condizioni economiche.<\/p>\n\n\n\n<p><strong>Turismo e tabacco<\/strong><br>Le piantagioni di tabacco sono diventate anche un&#8217;attrazione significativa per i turisti in visita a Cuba. I viaggiatori spesso partecipano a visite guidate alle piantagioni per vedere come il tabacco viene coltivato, essiccato e trasformato in sigari. Questi tour offrono l&#8217;opportunit\u00e0 di conoscere l&#8217;intero processo e la storia dell&#8217;industria dei sigari cubana.<\/p>\n\n\n\n<p>Le piantagioni di tabacco di Cuba sono essenziali per l&#8217;identit\u00e0, l&#8217;economia e la cultura dell&#8217;isola. I sigari del paese sono riconosciuti in tutto il mondo per la loro qualit\u00e0 e la coltivazione del tabacco continua a essere un&#8217;industria vitale per Cuba. La combinazione di condizioni di crescita ideali, abilit\u00e0 artigianale e ricca tradizione garantisce che il tabacco cubano rimanga un simbolo di eccellenza.<\/p>\n\n\n<div class=\"wp-block-image\">\n<figure class=\"aligncenter size-full\"><img decoding=\"async\" width=\"1024\" height=\"768\" src=\"https:\/\/criand.it\/wp-content\/uploads\/2025\/02\/sigari-a-cuba.png\" class=\"wp-image-1194\" style=\"aspect-ratio:16\/9;object-fit:cover\" srcset=\"https:\/\/criand.it\/wp-content\/uploads\/2025\/02\/sigari-a-cuba.png 1024w, https:\/\/criand.it\/wp-content\/uploads\/2025\/02\/sigari-a-cuba-300x225.png 300w, https:\/\/criand.it\/wp-content\/uploads\/2025\/02\/sigari-a-cuba-768x576.png 768w, https:\/\/criand.it\/wp-content\/uploads\/2025\/02\/sigari-a-cuba-80x60.png 80w, https:\/\/criand.it\/wp-content\/uploads\/2025\/02\/sigari-a-cuba-600x450.png 600w\" sizes=\"(max-width: 1024px) 100vw, 1024px\" \/><\/figure>\n<\/div>","protected":false},"excerpt":{"rendered":"<p>Le piantagioni di tabacco a Cuba hanno una lunga e ricca storia e il paese \u00e8 noto in tutto il mondo per la produzione di alcuni dei migliori tabacchi, in particolare per i sigari di qualit\u00e0. Il tabacco \u00e8 stato coltivato per la prima volta&hellip;<\/p>\n","protected":false},"author":1,"featured_media":0,"parent":0,"menu_order":0,"comment_status":"closed","ping_status":"closed","template":"","meta":{"ngg_post_thumbnail":0,"footnotes":""},"class_list":["post-1193","page","type-page","status-publish","hentry"],"jetpack_sharing_enabled":true,"_links":{"self":[{"href":"https:\/\/criand.it\/index.php\/wp-json\/wp\/v2\/pages\/1193","targetHints":{"allow":["GET"]}}],"collection":[{"href":"https:\/\/criand.it\/index.php\/wp-json\/wp\/v2\/pages"}],"about":[{"href":"https:\/\/criand.it\/index.php\/wp-json\/wp\/v2\/types\/page"}],"author":[{"embeddable":true,"href":"https:\/\/criand.it\/index.php\/wp-json\/wp\/v2\/users\/1"}],"replies":[{"embeddable":true,"href":"https:\/\/criand.it\/index.php\/wp-json\/wp\/v2\/comments?post=1193"}],"version-history":[{"count":1,"href":"https:\/\/criand.it\/index.php\/wp-json\/wp\/v2\/pages\/1193\/revisions"}],"predecessor-version":[{"id":1196,"href":"https:\/\/criand.it\/index.php\/wp-json\/wp\/v2\/pages\/1193\/revisions\/1196"}],"wp:attachment":[{"href":"https:\/\/criand.it\/index.php\/wp-json\/wp\/v2\/media?parent=1193"}],"curies":[{"name":"wp","href":"https:\/\/api.w.org\/{rel}","templated":true}]}}