{"id":1179,"date":"2025-02-27T07:14:50","date_gmt":"2025-02-27T06:14:50","guid":{"rendered":"https:\/\/criand.it\/?page_id=1179"},"modified":"2025-02-27T07:24:43","modified_gmt":"2025-02-27T06:24:43","slug":"ballo","status":"publish","type":"page","link":"https:\/\/criand.it\/index.php\/ballo\/","title":{"rendered":"Ballo"},"content":{"rendered":"<div class=\"wp-block-image\">\n<figure class=\"aligncenter size-full\"><img fetchpriority=\"high\" decoding=\"async\" width=\"1024\" height=\"768\" src=\"https:\/\/criand.it\/wp-content\/uploads\/2025\/02\/ballo-cuba.png\" alt=\"\" class=\"wp-image-1181\" srcset=\"https:\/\/criand.it\/wp-content\/uploads\/2025\/02\/ballo-cuba.png 1024w, https:\/\/criand.it\/wp-content\/uploads\/2025\/02\/ballo-cuba-300x225.png 300w, https:\/\/criand.it\/wp-content\/uploads\/2025\/02\/ballo-cuba-768x576.png 768w, https:\/\/criand.it\/wp-content\/uploads\/2025\/02\/ballo-cuba-80x60.png 80w, https:\/\/criand.it\/wp-content\/uploads\/2025\/02\/ballo-cuba-600x450.png 600w\" sizes=\"(max-width: 1024px) 100vw, 1024px\" \/><\/figure>\n<\/div>\n\n\n<div style=\"height:30px\" aria-hidden=\"true\" class=\"wp-block-spacer\"><\/div>\n\n\n\n<p>Cuba \u00e8 famosa per la sua cultura di danza vibrante e diversificata, che \u00e8 profondamente legata alla sua storia, alle radici afro-cubane e alla vivace scena musicale. Ecco alcuni balli popolari a Cuba:<\/p>\n\n\n\n<ol class=\"wp-block-list\">\n<li><strong>Salsa<\/strong>: Probabilmente il ballo cubano pi\u00f9 noto, la salsa \u00e8 energica ed espressiva. Mescola ritmi afro-cubani con influenze jazz e altri stili latini. Ballare la salsa a Cuba \u00e8 tutto incentrato su ritmo, gioco di gambe e improvvisazione.<\/li>\n\n\n\n<li><strong>Rumba<\/strong>: Danza tradizionale afro-cubana con un ritmo sensuale e lento, la rumba \u00e8 spesso eseguita in coppia o da solista. Comprende movimenti dei fianchi e un intricato gioco di gambe e la sua musica \u00e8 una fusione di ritmi africani e influenze spagnole.<\/li>\n\n\n\n<li><strong>Cha-Cha-Cha<\/strong>: Originario di Cuba negli anni &#8217;40, il cha-cha-cha \u00e8 una danza vivace e ritmata eseguita su un ritmo 4\/4. \u00c8 diventato famoso in tutto il mondo per i suoi passi giocosi e il ritmo veloce.<\/li>\n\n\n\n<li><strong>Mambo<\/strong>: il mambo \u00e8 un ballo ad alta energia che ha radici anche a Cuba. \u00c8 diventato popolare a livello internazionale negli anni &#8217;40 e &#8217;50, noto per i suoi rapidi passi e ritmi sincopati.<\/li>\n\n\n\n<li><strong>Son<\/strong>: il son \u00e8 uno dei balli pi\u00f9 iconici di Cuba, spesso considerato il precursore della salsa. Comprende un ritmo fluido e sincopato e uno stile di movimento rilassato che riflette la musica e la cultura cubane.<\/li>\n\n\n\n<li><strong>Bolero<\/strong>: un ballo pi\u00f9 lento e romantico che ha avuto origine a Cuba, il bolero \u00e8 stato una parte importante della scena musicale e danzaria cubana per secoli. Spesso \u00e8 un ballo lento e drammatico tra partner.<\/li>\n\n\n\n<li><strong>Conga<\/strong>: popolare a Cuba, la conga \u00e8 un ballo vivace associato alla musica afro-cubana. Di solito viene eseguito a ritmi veloci e spesso include grandi formazioni di gruppo durante sfilate o festival.<\/li>\n<\/ol>\n\n\n\n<p>Queste danze riflettono la ricca miscela culturale di influenze africane, spagnole e indigene nella societ\u00e0 cubana. Che si tratti di un piccolo club o di una vivace festa di strada, ballare \u00e8 una parte fondamentale della vita a Cuba!<\/p>\n\n\n<div class=\"wp-block-image\">\n<figure class=\"aligncenter size-full\"><img decoding=\"async\" width=\"1024\" height=\"768\" src=\"https:\/\/criand.it\/wp-content\/uploads\/2025\/02\/saksa-cubana.png\" alt=\"\" class=\"wp-image-1183\" style=\"aspect-ratio:16\/9;object-fit:cover\" srcset=\"https:\/\/criand.it\/wp-content\/uploads\/2025\/02\/saksa-cubana.png 1024w, https:\/\/criand.it\/wp-content\/uploads\/2025\/02\/saksa-cubana-300x225.png 300w, https:\/\/criand.it\/wp-content\/uploads\/2025\/02\/saksa-cubana-768x576.png 768w, https:\/\/criand.it\/wp-content\/uploads\/2025\/02\/saksa-cubana-80x60.png 80w, https:\/\/criand.it\/wp-content\/uploads\/2025\/02\/saksa-cubana-600x450.png 600w\" sizes=\"(max-width: 1024px) 100vw, 1024px\" \/><\/figure>\n<\/div>","protected":false},"excerpt":{"rendered":"<p>Cuba \u00e8 famosa per la sua cultura di danza vibrante e diversificata, che \u00e8 profondamente legata alla sua storia, alle radici afro-cubane e alla vivace scena musicale. Ecco alcuni balli popolari a Cuba: Queste danze riflettono la ricca miscela culturale di influenze africane, spagnole e&hellip;<\/p>\n","protected":false},"author":1,"featured_media":0,"parent":0,"menu_order":0,"comment_status":"closed","ping_status":"closed","template":"","meta":{"ngg_post_thumbnail":0,"footnotes":""},"class_list":["post-1179","page","type-page","status-publish","hentry"],"jetpack_sharing_enabled":true,"_links":{"self":[{"href":"https:\/\/criand.it\/index.php\/wp-json\/wp\/v2\/pages\/1179","targetHints":{"allow":["GET"]}}],"collection":[{"href":"https:\/\/criand.it\/index.php\/wp-json\/wp\/v2\/pages"}],"about":[{"href":"https:\/\/criand.it\/index.php\/wp-json\/wp\/v2\/types\/page"}],"author":[{"embeddable":true,"href":"https:\/\/criand.it\/index.php\/wp-json\/wp\/v2\/users\/1"}],"replies":[{"embeddable":true,"href":"https:\/\/criand.it\/index.php\/wp-json\/wp\/v2\/comments?post=1179"}],"version-history":[{"count":7,"href":"https:\/\/criand.it\/index.php\/wp-json\/wp\/v2\/pages\/1179\/revisions"}],"predecessor-version":[{"id":1191,"href":"https:\/\/criand.it\/index.php\/wp-json\/wp\/v2\/pages\/1179\/revisions\/1191"}],"wp:attachment":[{"href":"https:\/\/criand.it\/index.php\/wp-json\/wp\/v2\/media?parent=1179"}],"curies":[{"name":"wp","href":"https:\/\/api.w.org\/{rel}","templated":true}]}}